{"id":108,"date":"2019-08-28T12:08:20","date_gmt":"2019-08-28T10:08:20","guid":{"rendered":"http:\/\/singandsign.de\/?page_id=108"},"modified":"2024-06-20T10:31:37","modified_gmt":"2024-06-20T08:31:37","slug":"johannespassion","status":"publish","type":"page","link":"https:\/\/singandsign.de\/en\/programme\/johannespassion\/","title":{"rendered":"Bach \/ Johannes-Passion"},"content":{"rendered":"<h1 style=\"text-align: center;\">Johannes-Passion<\/h1>\n<p>Trailer der Urauff\u00fchrung 2022<\/p>\n<p><iframe loading=\"lazy\" title=\"Trailer JOHANNES-PASSION mit Geb\u00e4rdensprache\/BACH mit den Augen h\u00f6ren\/inklusives Ensemble SING&amp;SIGN\" width=\"670\" height=\"377\" src=\"https:\/\/www.youtube.com\/embed\/wIS_lLvQC2s?feature=oembed\" frameborder=\"0\" allow=\"accelerometer; autoplay; clipboard-write; encrypted-media; gyroscope; picture-in-picture; web-share\" referrerpolicy=\"strict-origin-when-cross-origin\" allowfullscreen><\/iframe><\/p>\n<h4 style=\"text-align: center;\"><a href=\"http:\/\/singandsign.de\/wp-content\/uploads\/2022\/04\/Einfache_Sprache_Programm_JoPa.pdf\">Hier klicken zum Programmheft in einfacher Sprache<\/a><\/h4>\n<h4 style=\"text-align: center;\">Programmheft in DGS<\/h4>\n<h4 style=\"text-align: center;\"><iframe loading=\"lazy\" title=\"YouTube video player\" src=\"https:\/\/www.youtube.com\/embed\/videoseries?list=PLCZUFVVrWXVBXhPPfcVyGLO61hxV7Oh-f\" width=\"560\" height=\"315\" frameborder=\"0\" allowfullscreen=\"allowfullscreen\" data-mce-fragment=\"1\"><\/iframe><\/h4>\n<h5>Statement Antijudaismus<\/h5>\n<p>Leider haben die Passionserz\u00e4hlungen im Allgemeinen und auch die Bach`schen Vertonungen im Besonderen in ihrer Wirkungsgeschichte immer wieder zu christlich motiviertem Antijudaismus gef\u00fchrt. So fanden im europ\u00e4ischen Mittelalter bis ins 19. Jhd. hinein insbesondere nach Karfreitagsgottesdiensten Pogrome gegen j\u00fcdische Gemeinden und Familien statt<a href=\"#_ftn1\" name=\"_ftnref1\">[1]<\/a>.<\/p>\n<p>Innerhalb der Johannespassion kommentieren Arien und Chor\u00e4le den Text des Evangeliums aus Sicht einer pers\u00f6nlichen, barocken Fr\u00f6mmigkeit \u2013 und suchen beispielsweise \u201eSchuld\u201c eher beim gl\u00e4ubigen Individuum.<br \/>\nUnd auch wenn sich bei Johannes eine besonders parteiische Erz\u00e4hlung der Passion Jesu findet: Unstrittig ist, dass Jesus selbst j\u00fcdisch war, ebenso wie sein Umfeld.<\/p>\n<p>Wir haben uns der ambivalenten Wirkungsgeschichte des Werks kognitiv und k\u00f6rperlich gen\u00e4hert, indem wir bei der \u00dcbersetzung der von den Nazis als \u201eEntjudungs-Hymnen\u201c<a href=\"#_ftn2\" name=\"_ftnref2\">[2]<\/a> bezeichneten Turba-Ch\u00f6re die Geb\u00e4rde f\u00fcr \u201eJuden\u201c mit Anf\u00fchrungszeichen (\u201e\u201c) ersetzen. Hierdurch versuchen wir, stereotype Darstellungen zu minimieren, neue Dimensionen zu \u00f6ffnen und Perspektiven zu erweitern.<\/p>\n<p>Wir positionieren uns klar gegen jeden Antijudaismus und modernen Antisemitismus.<\/p>\n<p>Wir treten ein f\u00fcr ein solidarisches, friedliches Miteinander der Religionen.<\/p>\n<p><a href=\"#_ftnref1\" name=\"_ftn1\">[1]<\/a> F.W. Marquardt (2000): Die Juden in Bachs Johannespassion. In: Arbeitsstelle Gottesdienst, Band 38, S.146-156<\/p>\n<p><a href=\"#_ftnref2\" name=\"_ftn2\">[2]<\/a> Kortheuer-Sch\u00fcring, Renate (2017): War Bach Antisemit? In: J\u00fcdische Allgemeine.<\/p>\n<h5><\/h5>\n<p>&nbsp;<\/p>\n<h4 style=\"text-align: center;\">Bilder<\/h4>\n\n\t\t<style type=\"text\/css\">\n\t\t\t#gallery-1 {\n\t\t\t\tmargin: auto;\n\t\t\t}\n\t\t\t#gallery-1 .gallery-item {\n\t\t\t\tfloat: left;\n\t\t\t\tmargin-top: 10px;\n\t\t\t\ttext-align: center;\n\t\t\t\twidth: 16%;\n\t\t\t}\n\t\t\t#gallery-1 img {\n\t\t\t\tborder: 2px solid #cfcfcf;\n\t\t\t}\n\t\t\t#gallery-1 .gallery-caption {\n\t\t\t\tmargin-left: 0;\n\t\t\t}\n\t\t\t\/* see gallery_shortcode() in wp-includes\/media.php *\/\n\t\t<\/style>\n\t\t<div id='gallery-1' class='gallery galleryid-108 gallery-columns-6 gallery-size-thumbnail'><dl class='gallery-item'>\n\t\t\t<dt class='gallery-icon landscape'>\n\t\t\t\t<a href='https:\/\/singandsign.de\/en\/fotos\/20220410_susanne_haupt_singsign_konzert_peterskirche_024\/'><img loading=\"lazy\" decoding=\"async\" width=\"150\" height=\"150\" src=\"https:\/\/singandsign.de\/wp-content\/uploads\/2022\/06\/20220410_Susanne_Haupt_SingSign_Konzert_Peterskirche_024-150x150.jpg\" class=\"attachment-thumbnail size-thumbnail\" alt=\"\" \/><\/a>\n\t\t\t<\/dt><\/dl><dl class='gallery-item'>\n\t\t\t<dt class='gallery-icon landscape'>\n\t\t\t\t<a href='https:\/\/singandsign.de\/en\/programme\/johannespassion\/20220410_susanne_haupt_singsign_konzert_peterskirche_149_hq\/'><img loading=\"lazy\" decoding=\"async\" width=\"150\" height=\"150\" src=\"https:\/\/singandsign.de\/wp-content\/uploads\/2024\/06\/20220410_Susanne_Haupt_SingSign_Konzert_Peterskirche_149_HQ-150x150.jpg\" class=\"attachment-thumbnail size-thumbnail\" alt=\"\" \/><\/a>\n\t\t\t<\/dt><\/dl><dl class='gallery-item'>\n\t\t\t<dt class='gallery-icon landscape'>\n\t\t\t\t<a href='https:\/\/singandsign.de\/en\/fotos\/20220410_susanne_haupt_singsign_konzert_peterskirche_043\/'><img loading=\"lazy\" decoding=\"async\" width=\"150\" height=\"150\" src=\"https:\/\/singandsign.de\/wp-content\/uploads\/2022\/06\/20220410_Susanne_Haupt_SingSign_Konzert_Peterskirche_043-150x150.jpg\" class=\"attachment-thumbnail size-thumbnail\" alt=\"\" \/><\/a>\n\t\t\t<\/dt><\/dl><dl class='gallery-item'>\n\t\t\t<dt class='gallery-icon landscape'>\n\t\t\t\t<a href='https:\/\/singandsign.de\/en\/programme\/johannespassion\/20220410_susanne_haupt_singsign_konzert_peterskirche_078_web\/'><img loading=\"lazy\" decoding=\"async\" width=\"150\" height=\"150\" src=\"https:\/\/singandsign.de\/wp-content\/uploads\/2024\/06\/20220410_Susanne_Haupt_SingSign_Konzert_Peterskirche_078_WEB-150x150.jpg\" class=\"attachment-thumbnail size-thumbnail\" alt=\"\" \/><\/a>\n\t\t\t<\/dt><\/dl><dl class='gallery-item'>\n\t\t\t<dt class='gallery-icon landscape'>\n\t\t\t\t<a href='https:\/\/singandsign.de\/en\/programme\/johannespassion\/20220410_susanne_haupt_singsign_konzert_peterskirche_097_web\/'><img loading=\"lazy\" decoding=\"async\" width=\"150\" height=\"150\" src=\"https:\/\/singandsign.de\/wp-content\/uploads\/2024\/06\/20220410_Susanne_Haupt_SingSign_Konzert_Peterskirche_097_WEB-150x150.jpg\" class=\"attachment-thumbnail size-thumbnail\" alt=\"\" \/><\/a>\n\t\t\t<\/dt><\/dl><dl class='gallery-item'>\n\t\t\t<dt class='gallery-icon landscape'>\n\t\t\t\t<a href='https:\/\/singandsign.de\/en\/programme\/johannespassion\/20220410_susanne_haupt_singsign_konzert_peterskirche_100_hq\/'><img loading=\"lazy\" decoding=\"async\" width=\"150\" height=\"150\" src=\"https:\/\/singandsign.de\/wp-content\/uploads\/2024\/06\/20220410_Susanne_Haupt_SingSign_Konzert_Peterskirche_100_HQ-150x150.jpg\" class=\"attachment-thumbnail size-thumbnail\" alt=\"\" \/><\/a>\n\t\t\t<\/dt><\/dl><br style=\"clear: both\" \/><dl class='gallery-item'>\n\t\t\t<dt class='gallery-icon landscape'>\n\t\t\t\t<a href='https:\/\/singandsign.de\/en\/programme\/johannespassion\/20220410_susanne_haupt_singsign_konzert_peterskirche_107_web\/'><img loading=\"lazy\" decoding=\"async\" width=\"150\" height=\"150\" src=\"https:\/\/singandsign.de\/wp-content\/uploads\/2024\/06\/20220410_Susanne_Haupt_SingSign_Konzert_Peterskirche_107_WEB-150x150.jpg\" class=\"attachment-thumbnail size-thumbnail\" alt=\"\" \/><\/a>\n\t\t\t<\/dt><\/dl><dl class='gallery-item'>\n\t\t\t<dt class='gallery-icon portrait'>\n\t\t\t\t<a href='https:\/\/singandsign.de\/en\/programme\/johannespassion\/20220410_susanne_haupt_singsign_konzert_peterskirche_124_hq\/'><img loading=\"lazy\" decoding=\"async\" width=\"150\" height=\"150\" src=\"https:\/\/singandsign.de\/wp-content\/uploads\/2024\/06\/20220410_Susanne_Haupt_SingSign_Konzert_Peterskirche_124_HQ-150x150.jpg\" class=\"attachment-thumbnail size-thumbnail\" alt=\"\" \/><\/a>\n\t\t\t<\/dt><\/dl><dl class='gallery-item'>\n\t\t\t<dt class='gallery-icon landscape'>\n\t\t\t\t<a href='https:\/\/singandsign.de\/en\/programme\/johannespassion\/20220410_susanne_haupt_singsign_konzert_peterskirche_130_web\/'><img loading=\"lazy\" decoding=\"async\" width=\"150\" height=\"150\" src=\"https:\/\/singandsign.de\/wp-content\/uploads\/2024\/06\/20220410_Susanne_Haupt_SingSign_Konzert_Peterskirche_130_WEB-150x150.jpg\" class=\"attachment-thumbnail size-thumbnail\" alt=\"\" \/><\/a>\n\t\t\t<\/dt><\/dl><dl class='gallery-item'>\n\t\t\t<dt class='gallery-icon portrait'>\n\t\t\t\t<a href='https:\/\/singandsign.de\/en\/programme\/johannespassion\/20220410_susanne_haupt_singsign_konzert_peterskirche_164_hq\/'><img loading=\"lazy\" decoding=\"async\" width=\"150\" height=\"150\" src=\"https:\/\/singandsign.de\/wp-content\/uploads\/2024\/06\/20220410_Susanne_Haupt_SingSign_Konzert_Peterskirche_164_HQ-150x150.jpg\" class=\"attachment-thumbnail size-thumbnail\" alt=\"\" \/><\/a>\n\t\t\t<\/dt><\/dl><dl class='gallery-item'>\n\t\t\t<dt class='gallery-icon landscape'>\n\t\t\t\t<a href='https:\/\/singandsign.de\/en\/programme\/johannespassion\/20220410_susanne_haupt_singsign_konzert_peterskirche_140_hq\/'><img loading=\"lazy\" decoding=\"async\" width=\"150\" height=\"150\" src=\"https:\/\/singandsign.de\/wp-content\/uploads\/2024\/06\/20220410_Susanne_Haupt_SingSign_Konzert_Peterskirche_140_HQ-150x150.jpg\" class=\"attachment-thumbnail size-thumbnail\" alt=\"\" \/><\/a>\n\t\t\t<\/dt><\/dl><dl class='gallery-item'>\n\t\t\t<dt class='gallery-icon landscape'>\n\t\t\t\t<a href='https:\/\/singandsign.de\/en\/programme\/johannespassion\/20220410_susanne_haupt_singsign_konzert_peterskirche_173_hq\/'><img loading=\"lazy\" decoding=\"async\" width=\"150\" height=\"150\" src=\"https:\/\/singandsign.de\/wp-content\/uploads\/2024\/06\/20220410_Susanne_Haupt_SingSign_Konzert_Peterskirche_173_HQ-150x150.jpg\" class=\"attachment-thumbnail size-thumbnail\" alt=\"\" \/><\/a>\n\t\t\t<\/dt><\/dl><br style=\"clear: both\" \/><dl class='gallery-item'>\n\t\t\t<dt class='gallery-icon landscape'>\n\t\t\t\t<a href='https:\/\/singandsign.de\/en\/programme\/johannespassion\/20220410_susanne_haupt_singsign_konzert_peterskirche_145_hq\/'><img loading=\"lazy\" decoding=\"async\" width=\"150\" height=\"100\" src=\"https:\/\/singandsign.de\/wp-content\/uploads\/2024\/06\/20220410_Susanne_Haupt_SingSign_Konzert_Peterskirche_145_HQ.jpg\" class=\"attachment-thumbnail size-thumbnail\" alt=\"\" srcset=\"https:\/\/singandsign.de\/wp-content\/uploads\/2024\/06\/20220410_Susanne_Haupt_SingSign_Konzert_Peterskirche_145_HQ.jpg 8688w, https:\/\/singandsign.de\/wp-content\/uploads\/2024\/06\/20220410_Susanne_Haupt_SingSign_Konzert_Peterskirche_145_HQ-300x200.jpg 300w, https:\/\/singandsign.de\/wp-content\/uploads\/2024\/06\/20220410_Susanne_Haupt_SingSign_Konzert_Peterskirche_145_HQ-1024x683.jpg 1024w, https:\/\/singandsign.de\/wp-content\/uploads\/2024\/06\/20220410_Susanne_Haupt_SingSign_Konzert_Peterskirche_145_HQ-768x512.jpg 768w, https:\/\/singandsign.de\/wp-content\/uploads\/2024\/06\/20220410_Susanne_Haupt_SingSign_Konzert_Peterskirche_145_HQ-150x100.jpg 150w\" sizes=\"auto, (max-width: 150px) 100vw, 150px\" \/><\/a>\n\t\t\t<\/dt><\/dl>\n\t\t\t<br style='clear: both' \/>\n\t\t<\/div>\n\n<h5>\u00dcber die Johannes-Passion<\/h5>\n<ul>\n<li>Die Johannes-Passion wurde von Johann Sebastian Bach komponiert und am 7. April 1724 in der Leipziger Nikolaikirche uraufgef\u00fchrt<\/li>\n<li>Urspr\u00fcnglich war sie als Teil des Gottesdienstes gedacht, heute wird sie aber meistens als Konzertmusik aufgef\u00fchrt.<\/li>\n<li>Bach arbeitete die Passion immer wieder um. Deshalb gibt es heute verschiedene Fassungen. Meistens wird eine Mischung aus verschiedenen Fassungen aufgef\u00fchrt.<\/li>\n<li>Die Johannes-Passion wurde f\u00fcr einen vierstimmigen Chor, Gesangssolist*innen und Orchester geschrieben.<\/li>\n<\/ul>\n<h6>Inhalt<\/h6>\n<ul>\n<li>Es geht um die Gefangennahme und Kreuzigung von Jesus Christus.<\/li>\n<li>Die Textvorlage ist der Evangelienbericht nach Johannes, erg\u00e4nzt durch Chor\u00e4le und frei gedichtete Ch\u00f6re und Arien.<\/li>\n<li>Die Passion besteht aus zwei Teilen, die sich in f\u00fcnf &#8220;Akte&#8221; aufteilen lassen:<\/li>\n<\/ul>\n<ol>\n<li><strong> \u00a0 Akt: Verrat un Gefangennahme Jesu<\/strong><\/li>\n<li><strong> \u00a0 Akt: Verleugnung durch Petrus<\/strong><\/li>\n<li><strong> \u00a0 Akt: Verh\u00f6r und Gei\u00dfelung (Folter)<\/strong><\/li>\n<li><strong> \u00a0 Akt: Verurteilung und Kreuzigung<\/strong><\/li>\n<li><strong> \u00a0 Akt: Tod und Begr\u00e4bnis<\/strong><\/li>\n<\/ol>\n<p>&nbsp;<\/p>\n<ul>\n<li>Es gibt vier verschiedene Perspektiven<\/li>\n<\/ul>\n<ol>\n<li>\n<h5><strong>Erz\u00e4hlende Perspektive: <\/strong><span style=\"color: #ffffff;\">Hier geschieht die Geschichte. Der Evangelist erz\u00e4hlt in der heutigen Zeit, was geschehen ist. Dazwischen werden die Szenen mit handelnen Personen (Jesus, Pilatus, Petrus, Soldaten, Volk) nachgespielt.<\/span><strong><br \/>\n<\/strong><\/h5>\n<\/li>\n<li>\n<h5><strong>\u00a0Betrachtende Perspektive des\/der Einzelnen:<\/strong> <span style=\"color: #ffffff;\">Die Handlung wird unterbrochen und aus Sicht eines einzelnen kommentiert oder reflektiert. Im Vordergrund stehen die Emotionen, die durch die Handlung hervorgerufen werden.<\/span><\/h5>\n<\/li>\n<li>\n<h5><strong>And\u00e4chtige Perspektive der Gemeinde:<\/strong> <span style=\"color: #ffffff;\">Die Handlung wird unterbrochen. Bedeutende Szenen werden hervorgehoben und in Bezug zur eigenen Lebensrealit\u00e4t gesetzt.<\/span><\/h5>\n<\/li>\n<li>\n<h5><strong>Ermahnende Perspektive:<\/strong> <span style=\"color: #ffffff;\">Rahmench\u00f6re am Eingang und Schluss. Leiten die Passion Ein und reflektieren.<\/span><\/h5>\n<\/li>\n<\/ol>\n<h5 style=\"text-align: center;\"><\/h5>\n<h4><\/h4>\n<h4 style=\"text-align: center;\">Videos<\/h4>\n<p>Livestream vom 7.6.2024: <a href=\"https:\/\/www.youtube.com\/live\/-3kEsJycx_Y\">https:\/\/www.youtube.com\/live\/-3kEsJycx_Y<\/a><\/p>\n<p><iframe loading=\"lazy\" title=\"Johannes-Passion barrierefrei auf der BachStage Leipzig!\" width=\"670\" height=\"377\" src=\"https:\/\/www.youtube.com\/embed\/7-uIRiwa4iQ?feature=oembed\" frameborder=\"0\" allow=\"accelerometer; autoplay; clipboard-write; encrypted-media; gyroscope; picture-in-picture; web-share\" referrerpolicy=\"strict-origin-when-cross-origin\" allowfullscreen><\/iframe><\/p>\n<p>Teaser 2022<\/p>\n<p><iframe loading=\"lazy\" title=\"Teaser JOHANNES-PASSION mit Geb\u00e4rdensprache\/BACH mit den Augen h\u00f6ren\/inklusives Ensemble SING&amp;SIGN\" width=\"670\" height=\"377\" src=\"https:\/\/www.youtube.com\/embed\/3kQikjol2l8?feature=oembed\" frameborder=\"0\" allow=\"accelerometer; autoplay; clipboard-write; encrypted-media; gyroscope; picture-in-picture; web-share\" referrerpolicy=\"strict-origin-when-cross-origin\" allowfullscreen><\/iframe><\/p>\n<p>&nbsp;<\/p>\n<p><iframe loading=\"lazy\" title=\"JOHANNES-PASSION \/ barrierefrei JS BACH mit den Augen h\u00f6ren \/ BWV 245 Nr. 1-3 \/ Ensemble SING&amp;SIGN\" width=\"670\" height=\"377\" src=\"https:\/\/www.youtube.com\/embed\/Ernn1hyWFQs?feature=oembed\" frameborder=\"0\" allow=\"accelerometer; autoplay; clipboard-write; encrypted-media; gyroscope; picture-in-picture; web-share\" referrerpolicy=\"strict-origin-when-cross-origin\" allowfullscreen><\/iframe><\/p>\n<h4 style=\"text-align: center;\">Rezension<\/h4>\n\n\t\t<style type=\"text\/css\">\n\t\t\t#gallery-2 {\n\t\t\t\tmargin: auto;\n\t\t\t}\n\t\t\t#gallery-2 .gallery-item {\n\t\t\t\tfloat: left;\n\t\t\t\tmargin-top: 10px;\n\t\t\t\ttext-align: center;\n\t\t\t\twidth: 100%;\n\t\t\t}\n\t\t\t#gallery-2 img {\n\t\t\t\tborder: 2px solid #cfcfcf;\n\t\t\t}\n\t\t\t#gallery-2 .gallery-caption {\n\t\t\t\tmargin-left: 0;\n\t\t\t}\n\t\t\t\/* see gallery_shortcode() in wp-includes\/media.php *\/\n\t\t<\/style>\n\t\t<div id='gallery-2' class='gallery galleryid-108 gallery-columns-1 gallery-size-medium'><dl class='gallery-item'>\n\t\t\t<dt class='gallery-icon landscape'>\n\t\t\t\t<a href='https:\/\/singandsign.de\/en\/presse\/lvz-rezension-2\/'><img loading=\"lazy\" decoding=\"async\" width=\"300\" height=\"300\" src=\"https:\/\/singandsign.de\/wp-content\/uploads\/2022\/06\/LVZ-Rezension-1-300x300.jpg\" class=\"attachment-medium size-medium\" alt=\"\" srcset=\"https:\/\/singandsign.de\/wp-content\/uploads\/2022\/06\/LVZ-Rezension-1-300x300.jpg 300w, https:\/\/singandsign.de\/wp-content\/uploads\/2022\/06\/LVZ-Rezension-1-1024x1024.jpg 1024w, https:\/\/singandsign.de\/wp-content\/uploads\/2022\/06\/LVZ-Rezension-1-150x150.jpg 150w, https:\/\/singandsign.de\/wp-content\/uploads\/2022\/06\/LVZ-Rezension-1-768x768.jpg 768w, https:\/\/singandsign.de\/wp-content\/uploads\/2022\/06\/LVZ-Rezension-1.jpg 1468w\" sizes=\"auto, (max-width: 300px) 100vw, 300px\" \/><\/a>\n\t\t\t<\/dt><\/dl><br style=\"clear: both\" \/>\n\t\t<\/div>\n\n<ul>\n<li>\n<h5><\/h5>\n<\/li>\n<\/ul>\n<h3 style=\"padding-left: 480px; text-align: left;\">Vergangene Termine<\/h3>\n<h5 style=\"text-align: left; padding-left: 400px;\"><span style=\"color: #ffffff;\">9. April 2022 \/ Peterskirche Leipzig \/ barrierefreie Urauff\u00fchrung<\/span><\/h5>\n<h5 style=\"text-align: left; padding-left: 400px;\"><span style=\"color: #ffffff;\">10. April 2022 \/ Peterskirche Leipzig<\/span><\/h5>\n<h5 style=\"text-align: left; padding-left: 400px;\"><span style=\"color: #ffffff;\">7. Juni 2024 \/ Marktb\u00fchne Leipzig \/ Bachfest Leipzig<\/span><\/h5>\n","protected":false},"excerpt":{"rendered":"<p>Johannes-Passion Trailer der Urauff\u00fchrung 2022 Hier klicken zum Programmheft in einfacher Sprache Programmheft in DGS Statement Antijudaismus Leider haben die Passionserz\u00e4hlungen im Allgemeinen und auch die Bach`schen Vertonungen im Besonderen in ihrer Wirkungsgeschichte immer wieder zu christlich motiviertem Antijudaismus gef\u00fchrt. So fanden im europ\u00e4ischen Mittelalter bis ins 19. Jhd. hinein&#8230;<\/p>\n<p> <a class=\"continue-reading-link\" href=\"https:\/\/singandsign.de\/en\/programme\/johannespassion\/\"><span>Continue reading<\/span><i class=\"crycon-right-dir\"><\/i><\/a> <\/p>\n","protected":false},"author":1,"featured_media":0,"parent":106,"menu_order":0,"comment_status":"closed","ping_status":"closed","template":"","meta":{"footnotes":""},"class_list":["post-108","page","type-page","status-publish","hentry"],"translation":{"provider":"WPGlobus","version":"3.0.2","language":"en","enabled_languages":["de","en"],"languages":{"de":{"title":true,"content":true,"excerpt":false},"en":{"title":false,"content":false,"excerpt":false}}},"aioseo_notices":[],"_links":{"self":[{"href":"https:\/\/singandsign.de\/en\/wp-json\/wp\/v2\/pages\/108","targetHints":{"allow":["GET"]}}],"collection":[{"href":"https:\/\/singandsign.de\/en\/wp-json\/wp\/v2\/pages"}],"about":[{"href":"https:\/\/singandsign.de\/en\/wp-json\/wp\/v2\/types\/page"}],"author":[{"embeddable":true,"href":"https:\/\/singandsign.de\/en\/wp-json\/wp\/v2\/users\/1"}],"replies":[{"embeddable":true,"href":"https:\/\/singandsign.de\/en\/wp-json\/wp\/v2\/comments?post=108"}],"version-history":[{"count":62,"href":"https:\/\/singandsign.de\/en\/wp-json\/wp\/v2\/pages\/108\/revisions"}],"predecessor-version":[{"id":1199,"href":"https:\/\/singandsign.de\/en\/wp-json\/wp\/v2\/pages\/108\/revisions\/1199"}],"up":[{"embeddable":true,"href":"https:\/\/singandsign.de\/en\/wp-json\/wp\/v2\/pages\/106"}],"wp:attachment":[{"href":"https:\/\/singandsign.de\/en\/wp-json\/wp\/v2\/media?parent=108"}],"curies":[{"name":"wp","href":"https:\/\/api.w.org\/{rel}","templated":true}]}}