{"id":1166,"date":"2024-06-03T15:32:06","date_gmt":"2024-06-03T13:32:06","guid":{"rendered":"http:\/\/singandsign.de\/?page_id=1166"},"modified":"2024-06-07T14:34:54","modified_gmt":"2024-06-07T12:34:54","slug":"begriffserklaerung","status":"publish","type":"page","link":"https:\/\/singandsign.de\/en\/begriffserklaerung\/","title":{"rendered":"Worterkl\u00e4rungen"},"content":{"rendered":"<h3 style=\"text-align: center;\">Worterkl\u00e4rungen<\/h3>\n<h5 style=\"text-align: center;\"><strong>SING &amp; SIGN:<\/strong> <span style=\"color: #ffffff;\">Das sind zwei engliche W\u00f6rter. SING hei\u00dft singen. SIGN hei\u00dft Zeichen<\/span><\/h5>\n<table>\n<tbody>\n<tr>\n<td width=\"302\">\n<h4 style=\"text-align: center;\"><strong>\u00dcber Musik: <\/strong><\/h4>\n<h5><strong>Chor (Gruppe):<\/strong> <span style=\"color: #ffffff;\">Bezeichnung f\u00fcr eine Gruppe von S\u00e4nger*innen<\/span><\/h5>\n<h5><strong>Solist*innen:<\/strong> <span style=\"color: #ffffff;\">einzelne S\u00e4ngerinnen oder S\u00e4nger<\/span><\/h5>\n<h5><strong>Orchester:<\/strong> <span style=\"color: #ffffff;\">Gruppe von Musiker*innen, die Instrumente spielen<\/span><\/h5>\n<h5><strong>Stimmlage:<\/strong> <span style=\"color: #ffffff;\">Beschreibt den Tonumfang oder der Tonlage einer Stimme<\/span><\/h5>\n<h5><strong>Sopran:<\/strong> <span style=\"color: #ffffff;\">h\u00f6chste Stimmlage, hohe Frauen oder Kinderstimme<\/span><\/h5>\n<h5><strong>Alt:<\/strong><span style=\"color: #ffffff;\"> tiefere Frauen- oder Kinderstimme, aber auch sehr hohe M\u00e4nnerstimme<\/span><\/h5>\n<h5><strong>Tenor:<\/strong> <span style=\"color: #ffffff;\">hohe M\u00e4nnerstimme<\/span><\/h5>\n<h5><strong>Bass:<\/strong> <span style=\"color: #ffffff;\">tiefste Stimmlage, tiefe M\u00e4nnerstimme<\/span><\/h5>\n<h5><strong>Oratorium:<\/strong> <span style=\"color: #ffffff;\">umfangreiches, mehrteiliges Musikwerk. F\u00fcr Solo- und Chorgesang sowie Orchester. Mit durchgehender Handlung<\/span><\/h5>\n<h5><strong>Passion:<\/strong> <span style=\"color: #ffffff;\">ist Aufgebaut wie ein Oratorium. Das Wort kommt von dem lateinischen Wort f\u00fcr Leiden (passio). Die Passionsgeschichte ist die Leidensgeschichte von Jesus Christus. Sie erz\u00e4hlt von den letzten Tagen seines Lebens.<\/span><\/h5>\n<h5><strong>Kantate:<\/strong> <span style=\"color: #ffffff;\">mehrteiliges Musikwerk. F\u00fcr Solo- und Chorgesang sowie Instrumente. Ohne durchgehende Handlung<\/span><\/h5>\n<h5><strong>Motette:<\/strong> <span style=\"color: #ffffff;\">Mehrstimmiges kirchliches Chorst\u00fcck. Meist ohne Instrumente<\/span><\/h5>\n<h5><strong>Chor (Musik):<\/strong> <span style=\"color: #ffffff;\">Bezeichnung f\u00fcr ein St\u00fcck, welches von einer Gruppe von S\u00e4nger*innen gesungen wird. Jede Stimme (Stimmgruppe) ist dabei mehrfach besetzt<\/span><\/h5>\n<h5><strong>Choral:<\/strong> <span style=\"color: #ffffff;\">Lied, das die Gemeinde in der Kirche singt.<\/span><\/h5>\n<h5><strong>Arie:<\/strong> <span style=\"color: #ffffff;\">Sologesang, von Instrumenten begleitet<\/span><\/h5>\n<h5><strong>Rezitativ:<\/strong><span style=\"color: #ffffff;\"> solistischer Sprechgesang, von wenigen Instrumenten begleitet<\/span><\/h5>\n<h5><strong>Evangelist: <\/strong><span style=\"color: #ffffff;\">S\u00e4nger, der als Erz\u00e4hler Bibeltexte in Rezitativen singt. Er erz\u00e4hlt darin dem Publikum die Handlung<\/span><\/h5>\n<h5><strong>Evangelien:<\/strong> <span style=\"color: #ffffff;\">Berichte aus der Bibel \u00fcber das Leben von Jesus Christus<\/span><\/h5>\n<p>&nbsp;<\/td>\n<td width=\"302\">\n<h4 style=\"text-align: center;\"><strong>\u00dcber H\u00f6rbehinderungen:<\/strong><\/h4>\n<h5><strong>Deafperformer*innen:<\/strong> <span style=\"color: #ffffff;\">das sind zwei englische Worte. Deaf bedeutet taub, Performer bedeutet K\u00fcnstler*in<\/span><\/h5>\n<h5><strong>DGS:<\/strong> <span style=\"color: #ffffff;\">Deutsche Geb\u00e4rdensprache<\/span><\/h5>\n<h5><strong>LBG:<\/strong> <span style=\"color: #ffffff;\">Lautsprach-begleitende Geb\u00e4rden<\/span><\/h5>\n<h5><strong>CI:<\/strong> <span style=\"color: #ffffff;\">Cochlea-Implantat<\/span><\/h5>\n<\/td>\n<\/tr>\n<tr>\n<td width=\"302\"><\/td>\n<td width=\"302\"><\/td>\n<\/tr>\n<\/tbody>\n<\/table>\n<h5><\/h5>\n<p>&nbsp;<\/p>\n","protected":false},"excerpt":{"rendered":"<p>Worterkl\u00e4rungen SING &amp; SIGN: Das sind zwei engliche W\u00f6rter. SING hei\u00dft singen. SIGN hei\u00dft Zeichen \u00dcber Musik: Chor (Gruppe): Bezeichnung f\u00fcr eine Gruppe von S\u00e4nger*innen Solist*innen: einzelne S\u00e4ngerinnen oder S\u00e4nger Orchester: Gruppe von Musiker*innen, die Instrumente spielen Stimmlage: Beschreibt den Tonumfang oder der Tonlage einer Stimme Sopran: h\u00f6chste Stimmlage, hohe&#8230;<\/p>\n<p> <a class=\"continue-reading-link\" href=\"https:\/\/singandsign.de\/en\/begriffserklaerung\/\"><span>Continue reading<\/span><i class=\"crycon-right-dir\"><\/i><\/a> <\/p>\n","protected":false},"author":1,"featured_media":0,"parent":0,"menu_order":0,"comment_status":"closed","ping_status":"closed","template":"","meta":{"footnotes":""},"class_list":["post-1166","page","type-page","status-publish","hentry"],"translation":{"provider":"WPGlobus","version":"3.0.2","language":"en","enabled_languages":["de","en"],"languages":{"de":{"title":true,"content":true,"excerpt":false},"en":{"title":false,"content":false,"excerpt":false}}},"aioseo_notices":[],"_links":{"self":[{"href":"https:\/\/singandsign.de\/en\/wp-json\/wp\/v2\/pages\/1166","targetHints":{"allow":["GET"]}}],"collection":[{"href":"https:\/\/singandsign.de\/en\/wp-json\/wp\/v2\/pages"}],"about":[{"href":"https:\/\/singandsign.de\/en\/wp-json\/wp\/v2\/types\/page"}],"author":[{"embeddable":true,"href":"https:\/\/singandsign.de\/en\/wp-json\/wp\/v2\/users\/1"}],"replies":[{"embeddable":true,"href":"https:\/\/singandsign.de\/en\/wp-json\/wp\/v2\/comments?post=1166"}],"version-history":[{"count":12,"href":"https:\/\/singandsign.de\/en\/wp-json\/wp\/v2\/pages\/1166\/revisions"}],"predecessor-version":[{"id":1202,"href":"https:\/\/singandsign.de\/en\/wp-json\/wp\/v2\/pages\/1166\/revisions\/1202"}],"wp:attachment":[{"href":"https:\/\/singandsign.de\/en\/wp-json\/wp\/v2\/media?parent=1166"}],"curies":[{"name":"wp","href":"https:\/\/api.w.org\/{rel}","templated":true}]}}