{"id":156,"date":"2019-08-28T23:46:20","date_gmt":"2019-08-28T21:46:20","guid":{"rendered":"http:\/\/singandsign.de\/?page_id=156"},"modified":"2024-06-20T10:00:57","modified_gmt":"2024-06-20T08:00:57","slug":"kantaten","status":"publish","type":"page","link":"https:\/\/singandsign.de\/en\/programme\/kantaten\/","title":{"rendered":"Bach \/ Kantaten"},"content":{"rendered":"<h1 style=\"text-align: center;\">Bachkantaten BWV 131 und BWV 150<\/h1>\n<p>&nbsp;<\/p>\n<p><img loading=\"lazy\" decoding=\"async\" class=\"aligncenter wp-image-467\" src=\"http:\/\/singandsign.de\/wp-content\/uploads\/2020\/11\/Bach-Marathon-TK-Kopie-300x185.jpg\" alt=\"\" width=\"508\" height=\"313\" srcset=\"https:\/\/singandsign.de\/wp-content\/uploads\/2020\/11\/Bach-Marathon-TK-Kopie-300x185.jpg 300w, https:\/\/singandsign.de\/wp-content\/uploads\/2020\/11\/Bach-Marathon-TK-Kopie-768x473.jpg 768w, https:\/\/singandsign.de\/wp-content\/uploads\/2020\/11\/Bach-Marathon-TK-Kopie-150x92.jpg 150w, https:\/\/singandsign.de\/wp-content\/uploads\/2020\/11\/Bach-Marathon-TK-Kopie.jpg 1020w\" sizes=\"auto, (max-width: 508px) 100vw, 508px\" \/><\/p>\n<h1 style=\"text-align: center;\">Bilder<\/h1>\n\n\t\t<style type=\"text\/css\">\n\t\t\t#gallery-1 {\n\t\t\t\tmargin: auto;\n\t\t\t}\n\t\t\t#gallery-1 .gallery-item {\n\t\t\t\tfloat: left;\n\t\t\t\tmargin-top: 10px;\n\t\t\t\ttext-align: center;\n\t\t\t\twidth: 16%;\n\t\t\t}\n\t\t\t#gallery-1 img {\n\t\t\t\tborder: 2px solid #cfcfcf;\n\t\t\t}\n\t\t\t#gallery-1 .gallery-caption {\n\t\t\t\tmargin-left: 0;\n\t\t\t}\n\t\t\t\/* see gallery_shortcode() in wp-includes\/media.php *\/\n\t\t<\/style>\n\t\t<div id='gallery-1' class='gallery galleryid-156 gallery-columns-6 gallery-size-thumbnail'><dl class='gallery-item'>\n\t\t\t<dt class='gallery-icon landscape'>\n\t\t\t\t<a href='https:\/\/singandsign.de\/en\/programme\/kantaten\/img_1200\/'><img loading=\"lazy\" decoding=\"async\" width=\"150\" height=\"150\" src=\"https:\/\/singandsign.de\/wp-content\/uploads\/2024\/06\/IMG_1200-150x150.jpg\" class=\"attachment-thumbnail size-thumbnail\" alt=\"\" \/><\/a>\n\t\t\t<\/dt><\/dl><dl class='gallery-item'>\n\t\t\t<dt class='gallery-icon landscape'>\n\t\t\t\t<a href='https:\/\/singandsign.de\/en\/programme\/kantaten\/img_36181\/'><img loading=\"lazy\" decoding=\"async\" width=\"150\" height=\"150\" src=\"https:\/\/singandsign.de\/wp-content\/uploads\/2024\/06\/IMG_36181-150x150.jpg\" class=\"attachment-thumbnail size-thumbnail\" alt=\"\" \/><\/a>\n\t\t\t<\/dt><\/dl><dl class='gallery-item'>\n\t\t\t<dt class='gallery-icon landscape'>\n\t\t\t\t<a href='https:\/\/singandsign.de\/en\/programme\/kantaten\/img_1196\/'><img loading=\"lazy\" decoding=\"async\" width=\"150\" height=\"150\" src=\"https:\/\/singandsign.de\/wp-content\/uploads\/2024\/06\/IMG_1196-150x150.jpg\" class=\"attachment-thumbnail size-thumbnail\" alt=\"\" \/><\/a>\n\t\t\t<\/dt><\/dl><dl class='gallery-item'>\n\t\t\t<dt class='gallery-icon landscape'>\n\t\t\t\t<a href='https:\/\/singandsign.de\/en\/programme\/kantaten\/img_1185\/'><img loading=\"lazy\" decoding=\"async\" width=\"150\" height=\"150\" src=\"https:\/\/singandsign.de\/wp-content\/uploads\/2024\/06\/IMG_1185-150x150.jpg\" class=\"attachment-thumbnail size-thumbnail\" alt=\"\" \/><\/a>\n\t\t\t<\/dt><\/dl>\n\t\t\t<br style='clear: both' \/>\n\t\t<\/div>\n\n<h1 style=\"text-align: center;\">Vergangene Termine<\/h1>\n<ul>\n<li>\n<h5>29. April 2022 \/ <span style=\"color: #ffffff;\">Thomaskirche Erfurt<\/span> \/ Th\u00fcringer Bachwochen<\/h5>\n<\/li>\n<li>\n<h5>28. Mai 2022 \/ <span style=\"color: #ffffff;\">Kinder \u2013 Mitmachprogramm mit Kindern der Grundschule Forum Thomanum und der\u00a0 F\u00f6rderschuler f\u00fcr h\u00f6rbehinderte Kinder, Samuel-Heinicke-Schule (in Planung) \/ Philippuskirche Leipzig<\/span> \/ Deutschen Chorfestes<\/h5>\n<\/li>\n<li>\n<h5>11. Juni 2022 \/ 18 Uhr \/ <span style=\"color: #ffffff;\">Marktplatzb\u00fchne Leipzig<\/span> \/ Bachfest \u201eWe are FAMILY\u201c<\/h5>\n<\/li>\n<li>\n<h5>28. Juni 2022 \/<span style=\"color: #ffffff;\"> N\u00fcrnberg<\/span> \/ ION- Internationale Orgelfestival N\u00fcrnberg<\/h5>\n<\/li>\n<li>\n<h5>2. August 2022 \/ Kinder-Mitmachprogramm \/<span style=\"color: #ffffff;\">Klosterkirche Insel Hiddensee<\/span> \/ Jubil\u00e4um 60 Jahre Musici Jenenses<\/h5>\n<\/li>\n<\/ul>\n<p>&nbsp;<\/p>\n<p><iframe loading=\"lazy\" title=\"MDR Wettbewerb &quot;Freie Sendezeit f\u00fcr freie K\u00fcnstler&quot; Beitrag &quot;Lied aus Stille&quot; Ensemble SING&amp;SIGN\" width=\"670\" height=\"377\" src=\"https:\/\/www.youtube.com\/embed\/dGq7UWE8rkY?feature=oembed\" frameborder=\"0\" allow=\"accelerometer; autoplay; clipboard-write; encrypted-media; gyroscope; picture-in-picture; web-share\" referrerpolicy=\"strict-origin-when-cross-origin\" allowfullscreen><\/iframe><\/p>\n<p><iframe loading=\"lazy\" title=\"J.S. Bach- Aus der Tiefen rufe ich, Herr, zu dir BWV 131\/1 SING and SIGN &quot;BACH-mit den Augen h\u00f6ren&quot;\" width=\"670\" height=\"377\" src=\"https:\/\/www.youtube.com\/embed\/_YW0W96BF4I?feature=oembed\" frameborder=\"0\" allow=\"accelerometer; autoplay; clipboard-write; encrypted-media; gyroscope; picture-in-picture; web-share\" referrerpolicy=\"strict-origin-when-cross-origin\" allowfullscreen><\/iframe><\/p>\n","protected":false},"excerpt":{"rendered":"<p>Bachkantaten BWV 131 und BWV 150 &nbsp; Bilder Vergangene Termine 29. April 2022 \/ Thomaskirche Erfurt \/ Th\u00fcringer Bachwochen 28. Mai 2022 \/ Kinder \u2013 Mitmachprogramm mit Kindern der Grundschule Forum Thomanum und der\u00a0 F\u00f6rderschuler f\u00fcr h\u00f6rbehinderte Kinder, Samuel-Heinicke-Schule (in Planung) \/ Philippuskirche Leipzig \/ Deutschen Chorfestes 11. Juni 2022&#8230;<\/p>\n<p> <a class=\"continue-reading-link\" href=\"https:\/\/singandsign.de\/en\/programme\/kantaten\/\"><span>Continue reading<\/span><i class=\"crycon-right-dir\"><\/i><\/a> <\/p>\n","protected":false},"author":1,"featured_media":0,"parent":106,"menu_order":0,"comment_status":"closed","ping_status":"closed","template":"","meta":{"footnotes":""},"class_list":["post-156","page","type-page","status-publish","hentry"],"translation":{"provider":"WPGlobus","version":"3.0.2","language":"en","enabled_languages":["de","en"],"languages":{"de":{"title":true,"content":true,"excerpt":false},"en":{"title":false,"content":false,"excerpt":false}}},"aioseo_notices":[],"_links":{"self":[{"href":"https:\/\/singandsign.de\/en\/wp-json\/wp\/v2\/pages\/156","targetHints":{"allow":["GET"]}}],"collection":[{"href":"https:\/\/singandsign.de\/en\/wp-json\/wp\/v2\/pages"}],"about":[{"href":"https:\/\/singandsign.de\/en\/wp-json\/wp\/v2\/types\/page"}],"author":[{"embeddable":true,"href":"https:\/\/singandsign.de\/en\/wp-json\/wp\/v2\/users\/1"}],"replies":[{"embeddable":true,"href":"https:\/\/singandsign.de\/en\/wp-json\/wp\/v2\/comments?post=156"}],"version-history":[{"count":53,"href":"https:\/\/singandsign.de\/en\/wp-json\/wp\/v2\/pages\/156\/revisions"}],"predecessor-version":[{"id":1214,"href":"https:\/\/singandsign.de\/en\/wp-json\/wp\/v2\/pages\/156\/revisions\/1214"}],"up":[{"embeddable":true,"href":"https:\/\/singandsign.de\/en\/wp-json\/wp\/v2\/pages\/106"}],"wp:attachment":[{"href":"https:\/\/singandsign.de\/en\/wp-json\/wp\/v2\/media?parent=156"}],"curies":[{"name":"wp","href":"https:\/\/api.w.org\/{rel}","templated":true}]}}