{"id":476,"date":"2020-11-06T14:53:58","date_gmt":"2020-11-06T13:53:58","guid":{"rendered":"http:\/\/singandsign.de\/?page_id=476"},"modified":"2025-01-06T20:55:29","modified_gmt":"2025-01-06T19:55:29","slug":"archiv","status":"publish","type":"page","link":"https:\/\/singandsign.de\/en\/kalender\/archiv\/","title":{"rendered":"Archiv"},"content":{"rendered":"<h3 style=\"text-align: center;\">2024<\/h3>\n<h5><span style=\"color: #ffffff;\">7. Dezember 2024 \/<\/span> BACH &#8211; mit den Augen h\u00f6ren: WEIHNACHTSORATORIUM<span style=\"color: #ffffff;\"> \/ Konzert in Kooperation mit der Kantorei der Taborkirche Leipzig \/ Taborkirche Leipzig<\/span><\/h5>\n<h5><span style=\"color: #ffffff;\">7. Juni 2024 \/<\/span> BACH &#8211; mit den Augen h\u00f6ren: JOHANNES-PASSION <span style=\"color: #ffffff;\">\/ Konzert im Rahmen des Bachfestes Leipzig\/ Marktb\u00fchne Leipzig<\/span><\/h5>\n<div><\/div>\n<h5><span style=\"color: #ffffff;\">13. April 2024 \/<\/span> Workshop im Rahmen des 23. Jahreskongress &#8220;Tradition und Wandel&#8221; des BDG (Bundesverband Deutscher Gesangsp\u00e4dagogen <span style=\"color: #ffffff;\">\/ Hochschule f\u00fcr Musik und Theater &#8220;Felix Mendelssohn Bartholdy&#8221; Leipzig<\/span><\/h5>\n<h5><span style=\"color: #ffffff;\">25. Februar 2024 \/ 9:30 Uhr \/<\/span> Gottesdienst in der Thomaskirche <span style=\"color: #ffffff;\">\/ Thomaskirche Leipzig<\/span><\/h5>\n<h3 style=\"text-align: center;\">2023<\/h3>\n<h5><span style=\"color: #ffffff;\">15. November 2023 \/ 19:00 Uhr \/\u00a0 <\/span>BACH &#8211; mit den Augen h\u00f6ren: Weihnachtsoratorium <span style=\"color: #ffffff;\">\/ Heilandskirche Leipzig<\/span><\/h5>\n<h5><span style=\"color: #ffffff;\">8. Oktober 2023 \/ 9:30 Uhr \/\u00a0 <\/span>Workshop f\u00fcr Kinder &#8211; mit den Augen h\u00f6ren <span style=\"color: #ffffff;\">\/ Workshop im Rahmen des Alte Musik Festes Friedenau\/ Kammermusiksaal Friedenau<\/span><\/h5>\n<h5><\/h5>\n<h5><span style=\"color: #ffffff;\">7. Oktober 2023 \/ 19:00 Uhr \/\u00a0 <\/span>SCH\u00dcTZ und BACH &#8211; mit den Augen h\u00f6ren <span style=\"color: #ffffff;\">\/ Konzert im Rahmen des Alte Musik Festes Friedenau\/ Kammermusiksaal Friedenau\u00a0<\/span><\/h5>\n<h5><\/h5>\n<h5><span style=\"color: #ffffff;\">9 Juli 2023 \/ 11.00 Uhr \/<\/span> BACH &#8211; mit den Augen h\u00f6ren <span style=\"color: #ffffff;\">\/ Konzert im Rahmen des Universit\u00e4tsgottesdienstes\/ Universit\u00e4tskirche St. Pauli, Leipzig<\/span><\/h5>\n<p>&nbsp;<\/p>\n<h5><span style=\"color: #ffffff;\">16 Juni 2023 \/ 20.00 Uhr \/<\/span> SCH\u00dcTZ und BACH &#8211; mit den Augen h\u00f6ren <span style=\"color: #ffffff;\">\/ Konzert im Rahmen der Greifswalder Bachwoche \/ Dom St. Nikolai, Greifswald<\/span><\/h5>\n<p>&nbsp;<\/p>\n<h5><span style=\"color: #ffffff;\">9. Juni 2023 \/ 14.30 Uhr \/<\/span> SCH\u00dcTZ und BACH mit den Augen h\u00f6ren <span style=\"color: #ffffff;\">\/ Konzert und Workshop im Rahmen des Deutschen Evangelischen Kirchentages\/ Meistersingerhalle, N\u00fcrnberg<\/span><\/h5>\n<h5><\/h5>\n<h3 style=\"text-align: center;\">2022<\/h3>\n<h5><span style=\"color: #ffffff;\">4. November 2022 \/ 19.30 Uhr \/<\/span> Heinrich Sch\u00fctz Musikfest <span style=\"color: #ffffff;\">\/ Themenfestival \u201eVom Leben \u2013 \u00dcber Leben\u201c \/ St. Johanniskirche, Gera<\/span><\/h5>\n<h5>Link: <a href=\"about:blank\">Sch\u00fctz Gera<\/a><\/h5>\n<p>&nbsp;<\/p>\n<h5><span style=\"color: #ffffff;\">14. Oktober 2022 \/ 17.30 Uhr \/<\/span> SCH\u00dcTZ- mit den Augen h\u00f6ren<span style=\"color: #ffffff;\"> \/ Heinrich Sch\u00fctz Musikfest \/ St. Marienkirche, Wei\u00dfenfels<\/span><\/h5>\n<h5>Link: <a href=\"about:blank\">Sch\u00fctz Wei\u00dfenfels<\/a><\/h5>\n<p>&nbsp;<\/p>\n<h5><span style=\"color: #ffffff;\">8. Oktober 2022 \/ 20.00 Uhr \/<\/span> SCH\u00dcTZ- mit den Augen h\u00f6ren <span style=\"color: #ffffff;\">\/ Heinrich Sch\u00fctz Musikfest \/ Loschwitzer Kirche, Dresden<\/span><\/h5>\n<h5>Link: <a href=\"about:blank\">Sch\u00fctz Dresden<\/a><\/h5>\n<p>&nbsp;<\/p>\n<h5><span style=\"color: #ffffff;\">7. Oktober 2022 \/ 19.30 Uhr \/<\/span> SCH\u00dcTZ- mit den Augen h\u00f6ren (barrierefreie Urauff\u00fchrung) <span style=\"color: #ffffff;\">\/ Internationales Chorfest Magdeburg \/ Gartensaal Gesellschaftshaus, Magdeburg<\/span><\/h5>\n<h5>Link: <a href=\"https:\/\/www.chorfest-magdeburg.de\/programm\/kalender\">Chorfest Magdeburg<\/a><\/h5>\n<p>&nbsp;<\/p>\n<h5><span style=\"color: #ffffff;\">30.September 2022 \/ 18 Uhr \/<\/span> Musikalische Umrahmung <span style=\"color: #ffffff;\">Festsitzung zur 38. Jahrestagung der Deutschen Gesellschaft f\u00fcr Phoniatrie und P\u00e4daudiologie e.V. \/ Paulinum, Leipzig<\/span><\/h5>\n<p>&nbsp;<\/p>\n<h5><span style=\"color: #ffffff;\">11. Juni 2022 \/ 18 Uhr \/ <\/span>BACH-KANTATEN <span style=\"color: #ffffff;\">\/ <\/span><span style=\"color: #ffffff;\">J.S. Bach BWV 131 und 150 \/ <\/span><span style=\"color: #ffffff;\">Marktplatzb\u00fchne Leipzig \/ Bachfest &#8220;We are FAMILY&#8221;<\/span><span style=\"color: #ffffff;\"><br \/>\n<\/span><a href=\"https:\/\/www.bachfestleipzig.de\/de\/bachfest\/no-24-bachstage\">LINK<\/a><\/h5>\n<p>&nbsp;<\/p>\n<p>&nbsp;<\/p>\n<h5><span style=\"color: #ffffff;\">27. Mai 2022 \/ 14 Uhr \/ <\/span>BACH-KANTATE <span style=\"color: #ffffff;\">\/ Kinder &#8211; Mitmachprogramm mit Kindern der Grundschule Forum Thomanum\u00a0 \/P<\/span><span style=\"color: #ffffff;\">hilippuskirche Leipzig \/ Deutschen Chorfestes<br \/>\n<\/span><\/h5>\n<p>&nbsp;<\/p>\n<h5><span style=\"color: #ffffff;\">29. April 2022 \/ 19.30 Uhr \/\u00a0 <\/span>BACH-KANTATEN <span style=\"color: #ffffff;\">\/ J.S. Bach BWV 131 und 150 \/ <\/span><span style=\"color: #ffffff;\">Thomaskirche Erfurt \/ <\/span><span style=\"color: #ffffff;\">Th\u00fcringer Bachwochen<br \/>\n<\/span><a href=\"https:\/\/www.thueringer-bachwochen.de\/de\/programm\/festival-2022\/v41-sing-and-sign\/\">LINK<\/a><\/h5>\n<p>&nbsp;<\/p>\n<h5><span style=\"color: #ffffff;\">28. April 2022 \/ <\/span>KUNST DER FUGE\u00a0 <span style=\"color: #ffffff;\">\/ J.S. Bach \/ <\/span><span style=\"color: #ffffff;\">Theater Iserlohn \/ Delian Quartett und SING&amp;SIGN<br \/>\n<\/span><a href=\"https:\/\/www.iserlohn.de\/kultur\/parktheater\/abonnements\/abo-meisterkonzerte?tx_citkoevents3_events%5Baction%5D=single&amp;tx_citkoevents3_events%5Bdate_from%5D=&amp;tx_citkoevents3_events%5Bdate_to%5D=&amp;tx_citkoevents3_events%5Bevent_id%5D=133252&amp;tx_citkoevents3_events%5Borderby%5D=asc&amp;tx_citkoevents3_events%5Borderfield%5D=term.term_day&amp;tx_citkoevents3_events%5Bpage%5D=0&amp;tx_citkoevents3_events%5Bstring%5D=&amp;cHash=ccc09f7c7eb53ee45f4f381a3f569aa6\">LINK<\/a><\/h5>\n<h5><\/h5>\n<h5><span style=\"color: #ffffff;\">9.\u00a0 April 2022 \/ 19 Uhr \/<\/span> JOHANNES-PASSION<span style=\"color: #ffffff;\"> \/ J.S.Bach BWV 245 \/ barrierefreie Urauff\u00fchrung \/ Peterskirche Leipzig<\/span><\/h5>\n<p>&nbsp;<\/p>\n<h5><span style=\"color: #ffffff;\">10.\u00a0 April 2022 \/ 19 Uhr \/<\/span> JOHANNES-PASSION <span style=\"color: #ffffff;\">\/ J.S.Bach BWV 245 \/ Peterskirche Leipzig<\/span><\/h5>\n<p>&nbsp;<\/p>\n<p>&nbsp;<\/p>\n<h3 style=\"text-align: center;\">2021<\/h3>\n<h5 style=\"text-align: center;\"><span style=\"color: #ffffff;\">19. Dezember 2021 \/ 18 Uhr \/<\/span> WEIHNACHTSKONZERT <span style=\"color: #ffffff;\">\/ Pauluskirche Halle \/ Stadtsingechor Halle musikalische Leitung: Clemens Fl\u00e4mig \/ u.a. J.S. Bach Weihnachtsoratorium Kantate 1 BWV 248 \/ G.F. H\u00e4ndel Messiah HWV 56 Teil 1<\/span> <a href=\"https:\/\/www.stadtsingechor.de\/termine\">https:\/\/www.stadtsingechor.de\/termine <\/a>ABGESAGT<\/h5>\n<h5 style=\"text-align: center;\"><span style=\"color: #ffffff;\">4.9.2021 \/<\/span> Vortrag SING&amp;SIGN <span style=\"color: #ffffff;\">\/ Deaf Performance now \/ Berlin \/ Fachtgung Deuter Geh\u00f6rlosenbund<\/span><\/h5>\n<p><a href=\"http:\/\/singandsign.de\/wp-content\/uploads\/2021\/10\/ical-2021-10-16-1830.ics\"><img loading=\"lazy\" decoding=\"async\" class=\"aligncenter size-medium wp-image-720\" src=\"http:\/\/singandsign.de\/wp-content\/uploads\/2021\/10\/IMG_7587-222x300.jpg\" alt=\"\" width=\"222\" height=\"300\" srcset=\"https:\/\/singandsign.de\/wp-content\/uploads\/2021\/10\/IMG_7587-222x300.jpg 222w, https:\/\/singandsign.de\/wp-content\/uploads\/2021\/10\/IMG_7587-111x150.jpg 111w, https:\/\/singandsign.de\/wp-content\/uploads\/2021\/10\/IMG_7587.jpg 750w\" sizes=\"auto, (max-width: 222px) 100vw, 222px\" \/><\/a><\/p>\n<h5 style=\"text-align: center;\"><span style=\"color: #ffffff;\">12. \/ 17. 3. 2021 \/ Peterskirche Leipzig \/ 20.00 Uhr \/<\/span> Johannes-Passion<\/h5>\n<p style=\"text-align: center;\"><span style=\"color: #ff0000;\">VERSCHOBEN AUF 2022<\/span><\/p>\n<h5><img loading=\"lazy\" decoding=\"async\" class=\"aligncenter size-medium wp-image-559\" src=\"http:\/\/singandsign.de\/wp-content\/uploads\/2021\/04\/JOHANNESPASSION-300x171.jpg\" alt=\"\" width=\"300\" height=\"171\" srcset=\"https:\/\/singandsign.de\/wp-content\/uploads\/2021\/04\/JOHANNESPASSION-300x171.jpg 300w, https:\/\/singandsign.de\/wp-content\/uploads\/2021\/04\/JOHANNESPASSION-1024x585.jpg 1024w, https:\/\/singandsign.de\/wp-content\/uploads\/2021\/04\/JOHANNESPASSION-768x439.jpg 768w, https:\/\/singandsign.de\/wp-content\/uploads\/2021\/04\/JOHANNESPASSION-1536x878.jpg 1536w, https:\/\/singandsign.de\/wp-content\/uploads\/2021\/04\/JOHANNESPASSION-2048x1170.jpg 2048w, https:\/\/singandsign.de\/wp-content\/uploads\/2021\/04\/JOHANNESPASSION-150x86.jpg 150w\" sizes=\"auto, (max-width: 300px) 100vw, 300px\" \/><\/h5>\n<h5><span style=\"color: #ffffff;\">\u00a010.4.2021 \/ M\u00fcnchen \/ Konzert zum Europ\u00e4ischen CI-Kongress \/ BWV 131, BWV 150 \/ <\/span>abgesagt<\/h5>\n<h5 style=\"text-align: center;\"><span style=\"color: #ffffff;\">18.12.2020 \/ Stadtbad \/ Leipzig \/ 20.00 Uhr \/<\/span> Beethoven 9. Sinfonie<\/h5>\n<p style=\"text-align: center;\"><span style=\"color: #ff0000;\">ABGESAGT \/ Ersatz: 31.1.2021 ONLINE<br \/>\n<\/span><\/p>\n<p><img loading=\"lazy\" decoding=\"async\" class=\"aligncenter size-medium wp-image-438\" src=\"http:\/\/singandsign.de\/wp-content\/uploads\/2020\/11\/Beethoven-jpg-212x300.png\" alt=\"\" width=\"212\" height=\"300\" srcset=\"https:\/\/singandsign.de\/wp-content\/uploads\/2020\/11\/Beethoven-jpg-212x300.png 212w, https:\/\/singandsign.de\/wp-content\/uploads\/2020\/11\/Beethoven-jpg-106x150.png 106w, https:\/\/singandsign.de\/wp-content\/uploads\/2020\/11\/Beethoven-jpg.png 563w\" sizes=\"auto, (max-width: 212px) 100vw, 212px\" \/><\/p>\n<h5><\/h5>\n<h5 style=\"text-align: center;\"><span style=\"color: #ffffff;\">18.11.2020 \/ Paul-Gerhardt-Kirche \/ Leipzig \/ 19.00 Uhr \/<\/span> Bach-Kantaten<\/h5>\n<p style=\"text-align: center;\"><span style=\"color: #ff0000;\">ABGESAGT<\/span><\/p>\n<p><img loading=\"lazy\" decoding=\"async\" class=\"aligncenter size-medium wp-image-436\" src=\"http:\/\/singandsign.de\/wp-content\/uploads\/2020\/11\/Bach_Konzert_1811_web-1-300x212.jpg\" alt=\"\" width=\"300\" height=\"212\" srcset=\"https:\/\/singandsign.de\/wp-content\/uploads\/2020\/11\/Bach_Konzert_1811_web-1-300x212.jpg 300w, https:\/\/singandsign.de\/wp-content\/uploads\/2020\/11\/Bach_Konzert_1811_web-1-1024x724.jpg 1024w, https:\/\/singandsign.de\/wp-content\/uploads\/2020\/11\/Bach_Konzert_1811_web-1-768x543.jpg 768w, https:\/\/singandsign.de\/wp-content\/uploads\/2020\/11\/Bach_Konzert_1811_web-1-150x106.jpg 150w, https:\/\/singandsign.de\/wp-content\/uploads\/2020\/11\/Bach_Konzert_1811_web-1.jpg 1414w\" sizes=\"auto, (max-width: 300px) 100vw, 300px\" \/><\/p>\n<h5><\/h5>\n<h5 style=\"text-align: center;\"><span style=\"color: #ffffff;\">14.11.2020 \/ Universit\u00e4tsklinikum\u00a0 Leipzig \/<\/span> Er\u00f6ffnung Jubil\u00e4um CI-Zentrum \/<\/h5>\n<h5 style=\"text-align: center;\"><span style=\"color: #ff0000;\">Abgesagt \/ Ersatz: Onlineveranstaltung<\/span><\/h5>\n<p><img loading=\"lazy\" decoding=\"async\" class=\"aligncenter size-medium wp-image-441\" src=\"http:\/\/singandsign.de\/wp-content\/uploads\/2020\/11\/UNI-CI-143x300.png\" alt=\"\" width=\"143\" height=\"300\" srcset=\"https:\/\/singandsign.de\/wp-content\/uploads\/2020\/11\/UNI-CI-143x300.png 143w, https:\/\/singandsign.de\/wp-content\/uploads\/2020\/11\/UNI-CI-71x150.png 71w, https:\/\/singandsign.de\/wp-content\/uploads\/2020\/11\/UNI-CI.png 309w\" sizes=\"auto, (max-width: 143px) 100vw, 143px\" \/><\/p>\n<p><img loading=\"lazy\" decoding=\"async\" class=\"aligncenter size-full wp-image-442\" src=\"http:\/\/singandsign.de\/wp-content\/uploads\/2020\/11\/UNI-CI-1-1.png\" alt=\"\" width=\"252\" height=\"94\" srcset=\"https:\/\/singandsign.de\/wp-content\/uploads\/2020\/11\/UNI-CI-1-1.png 252w, https:\/\/singandsign.de\/wp-content\/uploads\/2020\/11\/UNI-CI-1-1-150x56.png 150w\" sizes=\"auto, (max-width: 252px) 100vw, 252px\" \/><\/p>\n<h5><\/h5>\n<h5 style=\"text-align: center;\"><span style=\"color: #ffffff;\">17.7.2020\u00a0 \/ Thomaskirche \/ Leipzig \/\u00a0 10.00 Uhr \/<\/span> Abschlussgottesdienst Forum Thomanum<\/h5>\n<h5 style=\"text-align: center;\"><span style=\"color: #ff0000;\">Onlineveranstaltung<\/span><\/h5>\n<p><img loading=\"lazy\" decoding=\"async\" class=\"aligncenter size-medium wp-image-466\" src=\"http:\/\/singandsign.de\/wp-content\/uploads\/2020\/11\/Thomaskirche-300x200.jpg\" alt=\"\" width=\"300\" height=\"200\" srcset=\"https:\/\/singandsign.de\/wp-content\/uploads\/2020\/11\/Thomaskirche-300x200.jpg 300w, https:\/\/singandsign.de\/wp-content\/uploads\/2020\/11\/Thomaskirche-1024x684.jpg 1024w, https:\/\/singandsign.de\/wp-content\/uploads\/2020\/11\/Thomaskirche-768x513.jpg 768w, https:\/\/singandsign.de\/wp-content\/uploads\/2020\/11\/Thomaskirche-2048x1367.jpg 2048w, https:\/\/singandsign.de\/wp-content\/uploads\/2020\/11\/Thomaskirche-150x100.jpg 150w\" sizes=\"auto, (max-width: 300px) 100vw, 300px\" \/><\/p>\n<h6><span style=\"color: #ffffff;\">Leitung: Matthias Schubotz, Sopran: Susanne Haupt, Alt: Stefan Kunath, Tenor: Florian Sievers, Bass: Anton Haupt<\/span><\/h6>\n<h5><\/h5>\n<h5 style=\"text-align: center;\"><span style=\"color: #ffffff;\">20.6.2020 \/ Online \/ Thomaskirche \/ Leipzig \/\u00a0 15.30 Uhr \/<\/span> Bach-Marathon statt Leipziger Bachfest 2020 \/\u00a0<span style=\"color: #ffffff;\"> Livetream Bach-Archiv<\/span><\/h5>\n<h5 style=\"text-align: center;\"><span style=\"color: #ff0000;\">Onlineveranstaltung<\/span><\/h5>\n<p><img loading=\"lazy\" decoding=\"async\" class=\"aligncenter size-medium wp-image-498\" src=\"http:\/\/singandsign.de\/wp-content\/uploads\/2020\/11\/Bach-Marathon-TK-Kopie-1-300x185.jpg\" alt=\"\" width=\"300\" height=\"185\" srcset=\"https:\/\/singandsign.de\/wp-content\/uploads\/2020\/11\/Bach-Marathon-TK-Kopie-1-300x185.jpg 300w, https:\/\/singandsign.de\/wp-content\/uploads\/2020\/11\/Bach-Marathon-TK-Kopie-1-768x473.jpg 768w, https:\/\/singandsign.de\/wp-content\/uploads\/2020\/11\/Bach-Marathon-TK-Kopie-1-150x92.jpg 150w, https:\/\/singandsign.de\/wp-content\/uploads\/2020\/11\/Bach-Marathon-TK-Kopie-1.jpg 1020w\" sizes=\"auto, (max-width: 300px) 100vw, 300px\" \/><\/p>\n<h6><span style=\"color: #ffffff;\">Programm: BWV 131 &#8220;Aus der Tiefen rufe ich, Herr, zu dir&#8221; \/ BWV 150 &#8220;Nach dir, Herr, verlanget mich&#8221;<\/span><\/h6>\n<h6><span style=\"color: #ffffff;\">Solisten &#8211;\u00a0 Sopran: Susanne Haupt, Alt: Stefan Kahle, Tenor: Christoph Pfaller, Bass: Anton Haupt, Geb\u00e4rdensprachsolistin: Andrea Schmetztorff, Geb\u00e4rdensprachdolmetscherin: Katharina Klook, Musikalische Leitung: Thomas Stadler, Orchester und Chor SING and SIGN<\/span><\/h6>\n<p><em>Das Konzert kann unter folgendem Link auf dem YouTubeKanal des Bach-Archiv angeschaut werden:<\/em><\/p>\n<p><a href=\"https:\/\/www.youtube.com\/watch?v=qDlf77Ss9UU&amp;t=1951s\">https:\/\/www.youtube.com\/watch?v=qDlf77Ss9UU&amp;t=1951s<\/a><b><\/b><\/p>\n<p>Hier der Link zum <b>Programm<\/b>:<a class=\"moz-txt-link-freetext\" href=\"https:\/\/www.bachfestleipzig.de\/de\/bachfest\/tag-3-6-stunden-trost-f-r-die-seele\">https:\/\/www.bachfestleipzig.de\/de\/bachfest\/tag-3-6-stunden-trost-f-r-die-seele<\/a><\/p>\n<h5><\/h5>\n<h5 style=\"text-align: center;\"><span style=\"color: #993300;\"><span style=\"color: #ffffff;\">19. 6. 2020 \/ Online \/ M\u00fcnchen \/ 14Uhr \/<\/span> Talkrunde LAUTSTARK mit SING and SIGN\u00a0 <span style=\"color: #ffffff;\">\/ deutsche CI Gesellschaft<\/span><\/span><\/h5>\n<h5 style=\"text-align: center;\"><span style=\"color: #ff0000;\">Onlineveranstaltung<\/span><\/h5>\n<p><img loading=\"lazy\" decoding=\"async\" class=\"aligncenter size-medium wp-image-487\" src=\"http:\/\/singandsign.de\/wp-content\/uploads\/2020\/11\/TALK-300x113.jpg\" alt=\"\" width=\"300\" height=\"113\" srcset=\"https:\/\/singandsign.de\/wp-content\/uploads\/2020\/11\/TALK-300x113.jpg 300w, https:\/\/singandsign.de\/wp-content\/uploads\/2020\/11\/TALK-150x56.jpg 150w, https:\/\/singandsign.de\/wp-content\/uploads\/2020\/11\/TALK.jpg 626w\" sizes=\"auto, (max-width: 300px) 100vw, 300px\" \/><\/p>\n<p><img loading=\"lazy\" decoding=\"async\" class=\"aligncenter size-full wp-image-489\" src=\"http:\/\/singandsign.de\/wp-content\/uploads\/2020\/11\/CI-Gesellschaft.jpg\" alt=\"\" width=\"207\" height=\"66\" srcset=\"https:\/\/singandsign.de\/wp-content\/uploads\/2020\/11\/CI-Gesellschaft.jpg 207w, https:\/\/singandsign.de\/wp-content\/uploads\/2020\/11\/CI-Gesellschaft-150x48.jpg 150w\" sizes=\"auto, (max-width: 207px) 100vw, 207px\" \/><\/p>\n<p>&nbsp;<\/p>\n<p style=\"text-align: center;\"><span style=\"color: #ff0000;\">ABGESAGT \/ Ersatz: 20.06.2020 ONLINE<\/span><\/p>\n<p><img loading=\"lazy\" decoding=\"async\" class=\"aligncenter size-medium wp-image-564\" src=\"http:\/\/singandsign.de\/wp-content\/uploads\/2021\/04\/Bachfest-300x170.jpg\" alt=\"\" width=\"300\" height=\"170\" srcset=\"https:\/\/singandsign.de\/wp-content\/uploads\/2021\/04\/Bachfest-300x170.jpg 300w, https:\/\/singandsign.de\/wp-content\/uploads\/2021\/04\/Bachfest-150x85.jpg 150w, https:\/\/singandsign.de\/wp-content\/uploads\/2021\/04\/Bachfest.jpg 460w\" sizes=\"auto, (max-width: 300px) 100vw, 300px\" \/><\/p>\n<h5 style=\"text-align: center;\"><span style=\"color: #993300;\"><span style=\"color: #ffffff;\">10.5.2020 \/ Online \/ Universit\u00e4tsklinikum Leipzig \/ 11 Uhr \/<\/span> interaktiver Workshop <span style=\"color: #ffffff;\">\/ Initiative BREAKIN THE SILENCE<\/span><\/span><\/h5>\n<h5 style=\"text-align: center;\"><span style=\"color: #ff0000;\">ABGESAGT \/ Ersatz: Onlineveranstaltung<\/span><\/h5>\n<p><img loading=\"lazy\" decoding=\"async\" class=\"aligncenter size-medium wp-image-491\" src=\"http:\/\/singandsign.de\/wp-content\/uploads\/2020\/11\/Breaking-the-silence-300x225.jpg\" alt=\"\" width=\"300\" height=\"225\" srcset=\"https:\/\/singandsign.de\/wp-content\/uploads\/2020\/11\/Breaking-the-silence-300x225.jpg 300w, https:\/\/singandsign.de\/wp-content\/uploads\/2020\/11\/Breaking-the-silence-1024x768.jpg 1024w, https:\/\/singandsign.de\/wp-content\/uploads\/2020\/11\/Breaking-the-silence-768x576.jpg 768w, https:\/\/singandsign.de\/wp-content\/uploads\/2020\/11\/Breaking-the-silence-1536x1152.jpg 1536w, https:\/\/singandsign.de\/wp-content\/uploads\/2020\/11\/Breaking-the-silence-150x112.jpg 150w, https:\/\/singandsign.de\/wp-content\/uploads\/2020\/11\/Breaking-the-silence.jpg 1867w\" sizes=\"auto, (max-width: 300px) 100vw, 300px\" \/><\/p>\n<p style=\"text-align: center;\"><span style=\"color: #ff0000;\">ABGESAGT<\/span><\/p>\n<h5><img loading=\"lazy\" decoding=\"async\" class=\"aligncenter size-medium wp-image-468\" src=\"http:\/\/singandsign.de\/wp-content\/uploads\/2020\/11\/Deutsches-Chorfest-300x200.jpg\" alt=\"\" width=\"300\" height=\"200\" srcset=\"https:\/\/singandsign.de\/wp-content\/uploads\/2020\/11\/Deutsches-Chorfest-300x200.jpg 300w, https:\/\/singandsign.de\/wp-content\/uploads\/2020\/11\/Deutsches-Chorfest-768x512.jpg 768w, https:\/\/singandsign.de\/wp-content\/uploads\/2020\/11\/Deutsches-Chorfest-150x100.jpg 150w, https:\/\/singandsign.de\/wp-content\/uploads\/2020\/11\/Deutsches-Chorfest.jpg 886w\" sizes=\"auto, (max-width: 300px) 100vw, 300px\" \/><\/h5>\n","protected":false},"excerpt":{"rendered":"<p>2024 7. Dezember 2024 \/ BACH &#8211; mit den Augen h\u00f6ren: WEIHNACHTSORATORIUM \/ Konzert in Kooperation mit der Kantorei der Taborkirche Leipzig \/ Taborkirche Leipzig 7. Juni 2024 \/ BACH &#8211; mit den Augen h\u00f6ren: JOHANNES-PASSION \/ Konzert im Rahmen des Bachfestes Leipzig\/ Marktb\u00fchne Leipzig 13. April 2024 \/ Workshop&#8230;<\/p>\n<p> <a class=\"continue-reading-link\" href=\"https:\/\/singandsign.de\/en\/kalender\/archiv\/\"><span>Continue reading<\/span><i class=\"crycon-right-dir\"><\/i><\/a> <\/p>\n","protected":false},"author":1,"featured_media":0,"parent":83,"menu_order":0,"comment_status":"closed","ping_status":"closed","template":"","meta":{"footnotes":""},"class_list":["post-476","page","type-page","status-publish","hentry"],"translation":{"provider":"WPGlobus","version":"3.0.2","language":"en","enabled_languages":["de","en"],"languages":{"de":{"title":true,"content":true,"excerpt":false},"en":{"title":false,"content":false,"excerpt":false}}},"aioseo_notices":[],"_links":{"self":[{"href":"https:\/\/singandsign.de\/en\/wp-json\/wp\/v2\/pages\/476","targetHints":{"allow":["GET"]}}],"collection":[{"href":"https:\/\/singandsign.de\/en\/wp-json\/wp\/v2\/pages"}],"about":[{"href":"https:\/\/singandsign.de\/en\/wp-json\/wp\/v2\/types\/page"}],"author":[{"embeddable":true,"href":"https:\/\/singandsign.de\/en\/wp-json\/wp\/v2\/users\/1"}],"replies":[{"embeddable":true,"href":"https:\/\/singandsign.de\/en\/wp-json\/wp\/v2\/comments?post=476"}],"version-history":[{"count":30,"href":"https:\/\/singandsign.de\/en\/wp-json\/wp\/v2\/pages\/476\/revisions"}],"predecessor-version":[{"id":1229,"href":"https:\/\/singandsign.de\/en\/wp-json\/wp\/v2\/pages\/476\/revisions\/1229"}],"up":[{"embeddable":true,"href":"https:\/\/singandsign.de\/en\/wp-json\/wp\/v2\/pages\/83"}],"wp:attachment":[{"href":"https:\/\/singandsign.de\/en\/wp-json\/wp\/v2\/media?parent=476"}],"curies":[{"name":"wp","href":"https:\/\/api.w.org\/{rel}","templated":true}]}}