{"id":576,"date":"2021-04-02T04:25:16","date_gmt":"2021-04-02T02:25:16","guid":{"rendered":"http:\/\/singandsign.de\/?page_id=576"},"modified":"2024-06-20T10:01:36","modified_gmt":"2024-06-20T08:01:36","slug":"schuetz","status":"publish","type":"page","link":"https:\/\/singandsign.de\/en\/schuetz\/","title":{"rendered":"Sch\u00fctz"},"content":{"rendered":"<h3 style=\"text-align: center;\">Sch\u00fctz &#8211; Mit den Augen h\u00f6ren<\/h3>\n<h4><\/h4>\n<h4 style=\"text-align: center;\"><span style=\"color: #ffffff;\">Barrierefreie Urauff\u00fchrung am 7. Oktober 2022<\/span><\/h4>\n<p>&nbsp;<\/p>\n<h3 style=\"text-align: center;\">Bilder<\/h3>\n\n\t\t<style type=\"text\/css\">\n\t\t\t#gallery-1 {\n\t\t\t\tmargin: auto;\n\t\t\t}\n\t\t\t#gallery-1 .gallery-item {\n\t\t\t\tfloat: left;\n\t\t\t\tmargin-top: 10px;\n\t\t\t\ttext-align: center;\n\t\t\t\twidth: 25%;\n\t\t\t}\n\t\t\t#gallery-1 img {\n\t\t\t\tborder: 2px solid #cfcfcf;\n\t\t\t}\n\t\t\t#gallery-1 .gallery-caption {\n\t\t\t\tmargin-left: 0;\n\t\t\t}\n\t\t\t\/* see gallery_shortcode() in wp-includes\/media.php *\/\n\t\t<\/style>\n\t\t<div id='gallery-1' class='gallery galleryid-576 gallery-columns-4 gallery-size-thumbnail'><dl class='gallery-item'>\n\t\t\t<dt class='gallery-icon landscape'>\n\t\t\t\t<a href='https:\/\/singandsign.de\/en\/schuetz\/das-heinrich-schuetz-musikfest-am-14-10-2022-in-weissenfels\/'><img loading=\"lazy\" decoding=\"async\" width=\"150\" height=\"150\" src=\"https:\/\/singandsign.de\/wp-content\/uploads\/2024\/06\/14.10_047-150x150.jpg\" class=\"attachment-thumbnail size-thumbnail\" alt=\"\" \/><\/a>\n\t\t\t<\/dt><\/dl><dl class='gallery-item'>\n\t\t\t<dt class='gallery-icon landscape'>\n\t\t\t\t<a href='https:\/\/singandsign.de\/en\/schuetz\/das-heinrich-schuetz-musikfest-am-14-10-2022-in-weissenfels-2\/'><img loading=\"lazy\" decoding=\"async\" width=\"150\" height=\"150\" src=\"https:\/\/singandsign.de\/wp-content\/uploads\/2024\/06\/14.10_035-150x150.jpg\" class=\"attachment-thumbnail size-thumbnail\" alt=\"\" \/><\/a>\n\t\t\t<\/dt><\/dl><dl class='gallery-item'>\n\t\t\t<dt class='gallery-icon landscape'>\n\t\t\t\t<a href='https:\/\/singandsign.de\/en\/schuetz\/das-heinrich-schuetz-musikfest-am-14-10-2022-in-weissenfels-4\/'><img loading=\"lazy\" decoding=\"async\" width=\"150\" height=\"150\" src=\"https:\/\/singandsign.de\/wp-content\/uploads\/2024\/06\/14.10_0211-150x150.jpg\" class=\"attachment-thumbnail size-thumbnail\" alt=\"\" \/><\/a>\n\t\t\t<\/dt><\/dl><dl class='gallery-item'>\n\t\t\t<dt class='gallery-icon landscape'>\n\t\t\t\t<a href='https:\/\/singandsign.de\/en\/schuetz\/das-heinrich-schuetz-musikfest-am-14-10-2022-in-weissenfels-5\/'><img loading=\"lazy\" decoding=\"async\" width=\"150\" height=\"150\" src=\"https:\/\/singandsign.de\/wp-content\/uploads\/2024\/06\/14.10_019-150x150.jpg\" class=\"attachment-thumbnail size-thumbnail\" alt=\"\" \/><\/a>\n\t\t\t<\/dt><\/dl><br style=\"clear: both\" \/><dl class='gallery-item'>\n\t\t\t<dt class='gallery-icon landscape'>\n\t\t\t\t<a href='https:\/\/singandsign.de\/en\/schuetz\/das-heinrich-schuetz-musikfest-am-14-10-2022-in-weissenfels-7\/'><img loading=\"lazy\" decoding=\"async\" width=\"150\" height=\"150\" src=\"https:\/\/singandsign.de\/wp-content\/uploads\/2024\/06\/14.10_012-150x150.jpg\" class=\"attachment-thumbnail size-thumbnail\" alt=\"\" \/><\/a>\n\t\t\t<\/dt><\/dl><dl class='gallery-item'>\n\t\t\t<dt class='gallery-icon landscape'>\n\t\t\t\t<a href='https:\/\/singandsign.de\/en\/schuetz\/das-heinrich-schuetz-musikfest-am-14-10-2022-in-weissenfels-8\/'><img loading=\"lazy\" decoding=\"async\" width=\"150\" height=\"150\" src=\"https:\/\/singandsign.de\/wp-content\/uploads\/2024\/06\/14.10_006-150x150.jpg\" class=\"attachment-thumbnail size-thumbnail\" alt=\"\" \/><\/a>\n\t\t\t<\/dt><\/dl><dl class='gallery-item'>\n\t\t\t<dt class='gallery-icon landscape'>\n\t\t\t\t<a href='https:\/\/singandsign.de\/en\/schuetz\/das-heinrich-schuetz-musikfest-am-14-10-2022-in-weissenfels-13\/'><img loading=\"lazy\" decoding=\"async\" width=\"150\" height=\"150\" src=\"https:\/\/singandsign.de\/wp-content\/uploads\/2024\/06\/14.10_025-150x150.jpg\" class=\"attachment-thumbnail size-thumbnail\" alt=\"\" \/><\/a>\n\t\t\t<\/dt><\/dl><dl class='gallery-item'>\n\t\t\t<dt class='gallery-icon landscape'>\n\t\t\t\t<a href='https:\/\/singandsign.de\/en\/schuetz\/das-heinrich-schuetz-musikfest-am-14-10-2022-in-weissenfels-15\/'><img loading=\"lazy\" decoding=\"async\" width=\"150\" height=\"150\" src=\"https:\/\/singandsign.de\/wp-content\/uploads\/2024\/06\/14.10_039-150x150.jpg\" class=\"attachment-thumbnail size-thumbnail\" alt=\"\" \/><\/a>\n\t\t\t<\/dt><\/dl><br style=\"clear: both\" \/>\n\t\t<\/div>\n\n<h3 style=\"text-align: center;\">Vergangene Termine<\/h3>\n<ul>\n<li>\n<h5>7. Oktober 2022 \/ <span style=\"color: #ffffff;\">SCH\u00dcTZ-MIT DEN AUGEN H\u00d6REN \/<\/span><span style=\"color: #ffffff;\"> barrierefreie Urauff\u00fchrung \/ Magdeburg \/<\/span><span style=\"font-size: 15px;\"> Chorfest Magdeburg<\/span><\/h5>\n<\/li>\n<li>\n<h5>8. Oktober 2022 \/ <span style=\"color: #ffffff;\">SCH\u00dcTZ-MIT DEN AUGEN H\u00d6REN \/ <\/span><span style=\"font-size: 15px;\">\u00a0Dresden \/ Heinrich Sch\u00fctz Musikfest<\/span><\/h5>\n<\/li>\n<li>\n<h5>14. Oktober 2022 \/ <span style=\"color: #ffffff;\">SCH\u00dcTZ-MIT DEN AUGEN H\u00d6REN \/ <\/span><span style=\"font-size: 15px;\">Wei\u00dfenfels \/ Heinrich Sch\u00fctz Musikfest<\/span><\/h5>\n<\/li>\n<li>\n<h5>4. November 2022 \/ <span style=\"color: #ffffff;\">SCH\u00dcTZ-MIT DEN AUGEN H\u00d6REN \/ <\/span><span style=\"font-size: 15px;\">Gera \/ Heinrich Sch\u00fctz Musikfest<\/span><\/h5>\n<\/li>\n<\/ul>\n<h3><\/h3>\n","protected":false},"excerpt":{"rendered":"<p>Sch\u00fctz &#8211; Mit den Augen h\u00f6ren Barrierefreie Urauff\u00fchrung am 7. Oktober 2022 &nbsp; Bilder Vergangene Termine 7. Oktober 2022 \/ SCH\u00dcTZ-MIT DEN AUGEN H\u00d6REN \/ barrierefreie Urauff\u00fchrung \/ Magdeburg \/ Chorfest Magdeburg 8. Oktober 2022 \/ SCH\u00dcTZ-MIT DEN AUGEN H\u00d6REN \/ \u00a0Dresden \/ Heinrich Sch\u00fctz Musikfest 14. Oktober 2022 \/&#8230;<\/p>\n<p> <a class=\"continue-reading-link\" href=\"https:\/\/singandsign.de\/en\/schuetz\/\"><span>Continue reading<\/span><i class=\"crycon-right-dir\"><\/i><\/a> <\/p>\n","protected":false},"author":1,"featured_media":0,"parent":0,"menu_order":0,"comment_status":"closed","ping_status":"closed","template":"","meta":{"footnotes":""},"class_list":["post-576","page","type-page","status-publish","hentry"],"translation":{"provider":"WPGlobus","version":"3.0.2","language":"en","enabled_languages":["de","en"],"languages":{"de":{"title":true,"content":true,"excerpt":false},"en":{"title":false,"content":false,"excerpt":false}}},"aioseo_notices":[],"_links":{"self":[{"href":"https:\/\/singandsign.de\/en\/wp-json\/wp\/v2\/pages\/576","targetHints":{"allow":["GET"]}}],"collection":[{"href":"https:\/\/singandsign.de\/en\/wp-json\/wp\/v2\/pages"}],"about":[{"href":"https:\/\/singandsign.de\/en\/wp-json\/wp\/v2\/types\/page"}],"author":[{"embeddable":true,"href":"https:\/\/singandsign.de\/en\/wp-json\/wp\/v2\/users\/1"}],"replies":[{"embeddable":true,"href":"https:\/\/singandsign.de\/en\/wp-json\/wp\/v2\/comments?post=576"}],"version-history":[{"count":9,"href":"https:\/\/singandsign.de\/en\/wp-json\/wp\/v2\/pages\/576\/revisions"}],"predecessor-version":[{"id":1215,"href":"https:\/\/singandsign.de\/en\/wp-json\/wp\/v2\/pages\/576\/revisions\/1215"}],"wp:attachment":[{"href":"https:\/\/singandsign.de\/en\/wp-json\/wp\/v2\/media?parent=576"}],"curies":[{"name":"wp","href":"https:\/\/api.w.org\/{rel}","templated":true}]}}