{"id":696,"date":"2021-04-30T20:47:50","date_gmt":"2021-04-30T18:47:50","guid":{"rendered":"http:\/\/singandsign.de\/?page_id=696"},"modified":"2024-06-07T18:32:18","modified_gmt":"2024-06-07T16:32:18","slug":"news","status":"publish","type":"page","link":"https:\/\/singandsign.de\/en\/news\/","title":{"rendered":"Aktuelles"},"content":{"rendered":"<h4 style=\"text-align: center;\">NEWSLETTER ABONNIEREN<\/h4>\n<h5><span style=\"color: #ffffff;\">Wer Newsletter abonnieren will, sende eine Mail an: <span class=\"pep-email\">singandsign(Das hier war mal das \u00e4t Zeichen)web.de<\/span><\/span><\/h5>\n<h5><span style=\"color: #ffffff;\">Barrierefrei in DGS sind die Newsletter auf unserem YouTube Kanal nachzusehen:\u00a0 <a href=\"https:\/\/www.youtube.com\/channel\/UCpviM1CmzTk_69IwgXUFSNQ\/featured\">YouTube-Kanal SING&amp;SIGN<\/a><\/span><\/h5>\n<p>&nbsp;<\/p>\n<p><img loading=\"lazy\" decoding=\"async\" class=\"aligncenter  wp-image-1025\" src=\"http:\/\/singandsign.de\/wp-content\/uploads\/2024\/02\/Tenoere-Gesuch-SS-211x300.jpg\" alt=\"\" width=\"650\" height=\"924\" srcset=\"https:\/\/singandsign.de\/wp-content\/uploads\/2024\/02\/Tenoere-Gesuch-SS-211x300.jpg 211w, https:\/\/singandsign.de\/wp-content\/uploads\/2024\/02\/Tenoere-Gesuch-SS-768x1090.jpg 768w, https:\/\/singandsign.de\/wp-content\/uploads\/2024\/02\/Tenoere-Gesuch-SS-106x150.jpg 106w\" sizes=\"auto, (max-width: 650px) 100vw, 650px\" \/><\/p>\n<p>&nbsp;<\/p>\n<table border=\"0\" width=\"100%\" cellspacing=\"0\" cellpadding=\"0\">\n<tbody>\n<tr>\n<td id=\"mceColumnContainer\" class=\"mceSpacing-24\" valign=\"top\">\n<div class=\"mceText\">\n<h4>FREIE POSTEN!<\/h4>\n<p>Wer sich auch au\u00dferhalb einer Vereinsmitgliedschaft f\u00fcr SING&amp;SIGN stark machen m\u00f6chte, den wollen wir ganz herzlich dazu einladen, sich die folgenden offenen Aufgabenfelder in unserem Ensemble mal n\u00e4her anzuschauen:<\/p>\n<h3 style=\"text-align: center;\">Sachbearbeiter*in<\/h3>\n<p class=\"last-child\">Gl\u00fccklicherweise gibt es ja zahlreiche Angebote auf F\u00f6rdergelder f\u00fcr Kultur. Diesen Berg an Angeboten zu bearbeiten ist allerdings durch den Umfang der ben\u00f6tigten Gelder f\u00fcr die Realisierung eines so umfassenden Projekts wie SING&amp;SIGN eine Aufgabe, die das Beiratsteam von SING&amp;SIGN kaum allein bew\u00e4ltigen kann. Wer Lust hat, uns dahingehend in der Arbeit des Sichtens und Beantragens von F\u00f6rdergeldantr\u00e4gen oder in der Nachbereitung von SING&amp;SIGN-Konzerten (Abrechnung, Sortieren und Katalogisieren von Belegen etc.) zu unterst\u00fctzen, kann sich jederzeit gern an uns wenden!<\/p>\n<\/div>\n<\/td>\n<\/tr>\n<tr>\n<td id=\"mceColumnContainer\" class=\"mceSpacing-24\" valign=\"top\">\n<div class=\"mceText\">\n<h3 class=\"last-child\" style=\"text-align: center;\"><\/h3>\n<\/div>\n<\/td>\n<\/tr>\n<tr>\n<td id=\"mceColumnContainer\" class=\"mceSpacing-24\" valign=\"top\">\n<div class=\"mceText\">\n<p class=\"last-child\">\n<\/div>\n<\/td>\n<\/tr>\n<\/tbody>\n<\/table>\n","protected":false},"excerpt":{"rendered":"<p>NEWSLETTER ABONNIEREN Wer Newsletter abonnieren will, sende eine Mail an: singandsign(Das hier war mal das \u00e4t Zeichen)web.de Barrierefrei in DGS sind die Newsletter auf unserem YouTube Kanal nachzusehen:\u00a0 YouTube-Kanal SING&amp;SIGN &nbsp; &nbsp; FREIE POSTEN! Wer sich auch au\u00dferhalb einer Vereinsmitgliedschaft f\u00fcr SING&amp;SIGN stark machen m\u00f6chte, den wollen wir ganz herzlich&#8230;<\/p>\n<p> <a class=\"continue-reading-link\" href=\"https:\/\/singandsign.de\/en\/news\/\"><span>Continue reading<\/span><i class=\"crycon-right-dir\"><\/i><\/a> <\/p>\n","protected":false},"author":1,"featured_media":0,"parent":0,"menu_order":0,"comment_status":"closed","ping_status":"closed","template":"","meta":{"footnotes":""},"class_list":["post-696","page","type-page","status-publish","hentry"],"translation":{"provider":"WPGlobus","version":"3.0.2","language":"en","enabled_languages":["de","en"],"languages":{"de":{"title":true,"content":true,"excerpt":false},"en":{"title":false,"content":false,"excerpt":false}}},"aioseo_notices":[],"_links":{"self":[{"href":"https:\/\/singandsign.de\/en\/wp-json\/wp\/v2\/pages\/696","targetHints":{"allow":["GET"]}}],"collection":[{"href":"https:\/\/singandsign.de\/en\/wp-json\/wp\/v2\/pages"}],"about":[{"href":"https:\/\/singandsign.de\/en\/wp-json\/wp\/v2\/types\/page"}],"author":[{"embeddable":true,"href":"https:\/\/singandsign.de\/en\/wp-json\/wp\/v2\/users\/1"}],"replies":[{"embeddable":true,"href":"https:\/\/singandsign.de\/en\/wp-json\/wp\/v2\/comments?post=696"}],"version-history":[{"count":22,"href":"https:\/\/singandsign.de\/en\/wp-json\/wp\/v2\/pages\/696\/revisions"}],"predecessor-version":[{"id":1206,"href":"https:\/\/singandsign.de\/en\/wp-json\/wp\/v2\/pages\/696\/revisions\/1206"}],"wp:attachment":[{"href":"https:\/\/singandsign.de\/en\/wp-json\/wp\/v2\/media?parent=696"}],"curies":[{"name":"wp","href":"https:\/\/api.w.org\/{rel}","templated":true}]}}