{"id":845,"date":"2023-02-22T15:42:14","date_gmt":"2023-02-22T14:42:14","guid":{"rendered":"http:\/\/singandsign.de\/?page_id=845"},"modified":"2025-03-23T20:40:35","modified_gmt":"2025-03-23T19:40:35","slug":"impressum","status":"publish","type":"page","link":"https:\/\/singandsign.de\/en\/impressum\/","title":{"rendered":"Impressum"},"content":{"rendered":"<h2>Impressum<\/h2>\n<p>Angaben gem\u00e4\u00df \u00a7 5 TMG:<\/p>\n<p>Sing &#038; Sign e.V.<br \/>\nc\/o Evelyn Lang<br \/>\nShakespeareplatz 9<br \/>\n04107 Leipzig<br \/>\nMail: <span class=\"pep-email\">singandsign(Das hier war mal das \u00e4t Zeichen)web.de<\/span><br \/>\nTel: 0159-0502 6525<\/p>\n<p>\u00a0<\/p>\n<p>Registergericht<br \/>\neingetragen im Vereinsregister des Amtsgerichtes Leipzig,<br \/>\nRegistriernummer VR 7591<\/p>\n<p>\u00a0<\/p>\n<p>Verantwortlich f\u00fcr den Inhalt nach \u00a7 18 Abs. 2 MStV:<br \/>\nc\/o Evelyn Lang<br \/>\nShakespeareplatz 9<br \/>\n04107 Leipzig<\/p>\n<h3><\/h3>\n<h3>Haftungsausschluss<\/h3>\n<h5>Haftung f\u00fcr Inhalte<\/h5>\n<p>Trotz der Einhaltung von gr\u00f6\u00dfter Sorgfalt bei der Erstellung der Inhalte unserer Seiten, \u00fcbernehmen wir keine Gew\u00e4hr f\u00fcr die Richtigkeit, Vollst\u00e4ndigkeit und Aktualit\u00e4t der bereitgestellten Inhalte. Haftungsanspr\u00fcche gegen uns oder den jeweiligen Autor, welche sich auf materielle oder ideelle Sch\u00e4den jeder Art beziehen, die durch die Nutzung oder Nichtnutzung der dargebotenen Informationen bzw. durch die Nutzung fehlerhafter und unvollst\u00e4ndiger Informationen verursacht wurden, sind grunds\u00e4tzlich ausgeschlossen, sofern uns oder dem jeweiligen Autor kein nachweislich vors\u00e4tzliches oder grob fahrl\u00e4ssiges Verschulden zur Last gelegt werden kann. Wir sind gem\u00e4\u00df \u00a7 7 Abs. 1 TMG als Diensteanbieter f\u00fcr unsere eigenen Inhalte auf diesen Seiten nach den allgemeinen Gesetzen verantwortlich. In unserer Eigenschaft als Diensteanbieter sind wir gem\u00e4\u00df \u00a7\u00a7 8 bis 10 TMG jedoch nicht verpflichtet, die \u00fcbermittelten oder gespeicherten fremden Informationen zu \u00fcberwachen bzw. nach den Umst\u00e4nden zu forschen, die auf eine rechtswidrige T\u00e4tigkeit hinweisen. Etwaige Verpflichtungen zur Entfernung oder Sperrung der Nutzung von Informationen nach der geltenden Rechtslage bleiben hiervon unber\u00fchrt. Eine sich daraus ergebende Haftung entsteht jedoch erst ab dem Zeitpunkt, in dem wir von der konkreten Rechtsverletzung Kenntnis erlangen. Rechtsverletzungen werden bei unserer Kenntnis hier\u00fcber umgehend entfernt.<\/p>\n<h5><\/h5>\n<h5>Haftung f\u00fcr Links<\/h5>\n<p>Da unser Angebot Links zu externen Webseiten Dritter enth\u00e4lt, weisen wir darauf hin, dass wir auf deren Inhalte keinen Einfluss haben. Daher \u00fcbernehmen wir f\u00fcr diese fremden Inhalte keine Gew\u00e4hr. F\u00fcr die Inhalte der verlinkten Seiten ist stets der jeweilige Anbieter oder Betreiber der Seiten verantwortlich. Zum Zeitpunkt der Verlinkung wurden die verlinkten Seiten hinsichtlich m\u00f6glicher Rechtsverst\u00f6\u00dfe \u00fcberpr\u00fcft, wobei zum Zeitpunkt der Verlinkung keine rechtswidrigen Inhalte vorhanden waren. Eine permanente inhaltliche Kontrolle der verlinkten Seiten ist aber ohne konkrete Anhaltspunkte f\u00fcr das Vorliegen einer Rechtsverletzung nicht zumutbar. Bei Bekanntwerden von Rechtsverletzungen werden derartige Links umgehend durch uns entfernen.<\/p>\n<h5><\/h5>\n<h5>Urheberrecht<\/h5>\n<p>Die auf dieser Seite durch uns bereitgestellten Inhalte und Werke unterliegen dem deutschen Urheber- und Kennzeichenrecht. Die Vervielf\u00e4ltigung, Bearbeitung, Verbreitung und jede Art der Verwertung au\u00dferhalb der Grenzen des Urheberrechtes bed\u00fcrfen der schriftlichen Zustimmung des jeweiligen Rechteinhabers. Sofern nicht ausdr\u00fccklich auf das Gegenteil hingewiesen wird, sind Downloads und Vervielf\u00e4ltigungen dieser Seite nur f\u00fcr den privaten, nicht kommerziellen Gebrauch gestattet. Soweit die Inhalte auf dieser Seite nicht auf der Urheberschaft des Betreibers beruhen, werden die Urheber-, Kennzeichen- und Besitzreche Dritter beachtet. Insbesondere werden Inhalte Dritter als solche gekennzeichnet. Sollten Sie trotzdem auf eine Rechtsverletzung aufmerksam werden, bitten wir um einen entsprechenden Hinweis. Bei Bekanntwerden von Rechtsverletzungen werden derartige Inhalte umgehend entfernt.<\/p>\n<h5><\/h5>\n<p>\u00a0<\/p>\n","protected":false},"excerpt":{"rendered":"<p>Impressum Angaben gem\u00e4\u00df \u00a7 5 TMG: Sing &#038; Sign e.V. c\/o Evelyn Lang Shakespeareplatz 9 04107 Leipzig Mail: singandsign(Das hier war mal das \u00e4t Zeichen)web.de Tel: 0159-0502 6525 \u00a0 Registergericht eingetragen im Vereinsregister des Amtsgerichtes Leipzig, Registriernummer VR 7591 \u00a0 Verantwortlich f\u00fcr den Inhalt nach \u00a7 18 Abs. 2 MStV:&#8230;<\/p>\n<p> <a class=\"continue-reading-link\" href=\"https:\/\/singandsign.de\/en\/impressum\/\"><span>Continue reading<\/span><i class=\"crycon-right-dir\"><\/i><\/a> <\/p>\n","protected":false},"author":1,"featured_media":0,"parent":0,"menu_order":0,"comment_status":"closed","ping_status":"closed","template":"","meta":{"footnotes":""},"class_list":["post-845","page","type-page","status-publish","hentry"],"translation":{"provider":"WPGlobus","version":"3.0.2","language":"en","enabled_languages":["de","en"],"languages":{"de":{"title":true,"content":true,"excerpt":false},"en":{"title":false,"content":false,"excerpt":false}}},"aioseo_notices":[],"_links":{"self":[{"href":"https:\/\/singandsign.de\/en\/wp-json\/wp\/v2\/pages\/845","targetHints":{"allow":["GET"]}}],"collection":[{"href":"https:\/\/singandsign.de\/en\/wp-json\/wp\/v2\/pages"}],"about":[{"href":"https:\/\/singandsign.de\/en\/wp-json\/wp\/v2\/types\/page"}],"author":[{"embeddable":true,"href":"https:\/\/singandsign.de\/en\/wp-json\/wp\/v2\/users\/1"}],"replies":[{"embeddable":true,"href":"https:\/\/singandsign.de\/en\/wp-json\/wp\/v2\/comments?post=845"}],"version-history":[{"count":12,"href":"https:\/\/singandsign.de\/en\/wp-json\/wp\/v2\/pages\/845\/revisions"}],"predecessor-version":[{"id":1252,"href":"https:\/\/singandsign.de\/en\/wp-json\/wp\/v2\/pages\/845\/revisions\/1252"}],"wp:attachment":[{"href":"https:\/\/singandsign.de\/en\/wp-json\/wp\/v2\/media?parent=845"}],"curies":[{"name":"wp","href":"https:\/\/api.w.org\/{rel}","templated":true}]}}