{"id":853,"date":"2023-02-23T14:05:14","date_gmt":"2023-02-23T13:05:14","guid":{"rendered":"http:\/\/singandsign.de\/?page_id=853"},"modified":"2024-06-20T09:59:19","modified_gmt":"2024-06-20T07:59:19","slug":"kuenstlerische-leitung","status":"publish","type":"page","link":"https:\/\/singandsign.de\/en\/kuenstlerische-leitung\/","title":{"rendered":"Leitungsteam"},"content":{"rendered":"<p><img loading=\"lazy\" decoding=\"async\" class=\"aligncenter wp-image-1045 size-medium\" src=\"http:\/\/singandsign.de\/wp-content\/uploads\/2024\/02\/Kopie-von-akm_20230530_chor_15-300x224.jpg\" alt=\"\" width=\"300\" height=\"224\" srcset=\"https:\/\/singandsign.de\/wp-content\/uploads\/2024\/02\/Kopie-von-akm_20230530_chor_15-300x224.jpg 300w, https:\/\/singandsign.de\/wp-content\/uploads\/2024\/02\/Kopie-von-akm_20230530_chor_15-1024x766.jpg 1024w, https:\/\/singandsign.de\/wp-content\/uploads\/2024\/02\/Kopie-von-akm_20230530_chor_15-768x574.jpg 768w, https:\/\/singandsign.de\/wp-content\/uploads\/2024\/02\/Kopie-von-akm_20230530_chor_15-1536x1149.jpg 1536w, https:\/\/singandsign.de\/wp-content\/uploads\/2024\/02\/Kopie-von-akm_20230530_chor_15-2048x1532.jpg 2048w, https:\/\/singandsign.de\/wp-content\/uploads\/2024\/02\/Kopie-von-akm_20230530_chor_15-150x112.jpg 150w\" sizes=\"auto, (max-width: 300px) 100vw, 300px\" \/><\/p>\n<p style=\"text-align: center;\">Susanne Haupt &#8211; Diogo Mendes &#8211; Andrea Schmetzstorff<\/p>\n<h2 style=\"text-align: left;\">Susanne Haupt &#8211; k\u00fcnstlerische Leitung<\/h2>\n<p style=\"text-align: left;\">\u201eTrachte danach, dass du von Herzen glaubst, was du mit dem Munde singst, und dass du mit Taten bew\u00e4hrst, was du mit dem Herzen glaubst.\u201c<\/p>\n<p style=\"text-align: left;\">Die Sopranistin Susanne Haupt, aufgewachsen in Kairo, Berlin und Dresden, genoss bereits in ihrer Kindheit eine umfassende musikalische Ausbildung in den F\u00e4chern Gesang, Klavier, und Ballett. Nach ihrem Abitur an der Kreuzschule Dresden absolvierte sie ein Gesangsstudium an der Leipziger Hochschule f\u00fcr Musik und Theater \u201eFelix Mendelssohn Bartholdy\u201c bei Kammers\u00e4ngerin Prof. Regina Werner- Dietrich. Bereits w\u00e4hrend ihres Studiums sammelte sie in verschiedenen Hochschulproduktionen erste B\u00fchnenerfahrung. Auf ein Soloengagement am Landestheater Altenburg folgte die langj\u00e4hrige Mitwirkung als Gast in verschiedenen Inszenierungen der Oper Leipzig und der Musikalischen Kom\u00f6die.<br \/>\nIm Zentrum ihres k\u00fcnstlerischen Schaffens steht jedoch das Singen Alter Musik. So konzertiert sie mit verschiedenen Soloprogrammen unterschiedlicher kammermusikalischer Besetzung. Als Konzertsolistin wird sie vor allem im Oratoriengesang engagiert. Dabei arbeitet sie mit renommierten Dirigent*innen und Klangk\u00f6rpern zusammen. Die gro\u00dfe Leidenschaft der S\u00e4ngerin gilt den Werken von Johann Sebastian Bach. F\u00fcr h\u00f6rgbehinderte Menschen ist seine Musik, welche einen wesentlichen Teil unserer Kultur ausmacht, kaum zug\u00e4nglich. Um dem etwas entgegenzusetzen, gr\u00fcndete die Sopranistin das Ensemble \u201eSING and SIGN\u201c, bestehend aus h\u00f6renden und h\u00f6rbehinderten Akteur*innen, mit dem sie innerhalb der von ihr konzipierten Konzertreihe \u201eBACH- mit den Augen h\u00f6ren\u201c, viele seiner geistlichen Vokalwerke mit Geb\u00e4rdensprache zur audiovisuellen Auff\u00fchrung bringt und sich damit sowohl an H\u00f6rbehinderte als auch an H\u00f6rende richtet.<br \/>\nAls Gesangsp\u00e4dagogin gibt sie au\u00dferdem ihr Wissen als Stimmbildnerin weiter. Die musikalische F\u00f6rderung von Kindern ist ihr dabei ein besonderes Anliegen. So arbeitet sie derzeit als Kinderstimmbildnerin beim EU-Projekt \u201eOpera InCanto\u201c der Oper Leipzig sowie beim Projekt \u201eSingt euch ein\u201c der Musikschule \u201eJohann Sebastian Bach\u201c Leipzig. In diesem Rahmen unterrichtet sie auch an F\u00f6rderschulen, wie der Geh\u00f6rlosenschule Leipzig. Sie wirkte als Stimmbildnerin bei den Kinder- und Jugendch\u00f6ren der Oper Leipzig, leitete zeitweise mehrere Kinderch\u00f6re und rief das Projekt \u201eOper f\u00fcr Kinder\u201c ins Leben.<\/p>\n<p><a href=\"http:\/\/susanne-haupt.de\/\">Website Susanne Haupt<\/a><\/p>\n<h2 style=\"text-align: left;\">Andrea Schmetzstorff &#8211; Leitung Deafperformer*innen<\/h2>\n<p><span style=\"font-family: 'Open Sans';\">Andrea Schmetzstorff wurde schwerh\u00f6rig geboren und war im Alter von 16 Jahren an Taubheit grenzend schwerh\u00f6rig. Sehr sp\u00e4t erlernte Andrea DGS (Deutsche Geb\u00e4rdensprache) in ihrer Ausbildung f\u00fcr H\u00f6r- und Sprachgesch\u00e4digte in Leipzig. Andrea absolvierte eine Ausbildung zur hauswirtschaftstechnischen Helferin in Leipzig und engagiert sich ehrenamtlich in der Geh\u00f6rlosengemeinde und Geb\u00e4rdenfreizeitverein. In dem Geb\u00e4rdenchor &#8220;SingSongs&#8221; sammelte Andrea seit 2009 Erfahrungen im Musikdolmetschen. Im inklusiven Ensemble Sing &amp; Sign \u00fcbersetzt Andrea die biblischen Texte in Geb\u00e4rdensprache, steht als Solistin auf der B\u00fchne, leitet den Chor der Geb\u00e4rdengemeinschaft und macht Texte barrierefreier f\u00fcr die Geb\u00e4rdengemeinschaft zug\u00e4nglich.<\/span><\/p>\n<p><!--more--><\/p>\n<h2><\/h2>\n<h2 style=\"text-align: left;\">Diogo Mendes &#8211; Musikalische Leitung<\/h2>\n<p>In Augsburg 1991 geboren, begann Diogo Mendes bereits mit f\u00fcnf Jahren seine musikalische Ausbildung bei den Augsburger Domsingknaben und lernte neben dem Gesang auch Klavier, Oboe und Mandoline. An der Hochschule f\u00fcr Musik und Theater Leipzig studierte er im Hauptfach Gesang und Musiktheater bei KS Prof. J\u00fcrgen Kurth und KS Prof. Roland Schubert.<\/p>\n<p>Diogo Mendes ist heute ein gefragter Solist und regelm\u00e4\u00dfiger Gast bei Festivals wie dem Leipziger Bachfest, der Greifswalder Bachwoche, den Messiean-Tagen in G\u00f6rlitz, dem Rhone-Festival f\u00fcr Liedkunst oder den &#8220;Dias da Musica&#8221; in Lissabon. Dabei sang er unter Dirigenten wie Hans-Christoph Rademann, Jos van Veldhofen, Gotthold Schwarz, Matthias Foremny ound Herrman Max.<\/p>\n<p>In Meisterkursen bei u.a. Prof. Phillip Moll, Prof. Alexander Schmalcz, Elly Ameling, Graham Johnson, Peter Kooij oder Emma Kirkby bildete er sich besonders im Liedgesang und in der alten Musik weiter.<\/p>\n<p>Erste Opernerfahrungen sammelte Diogo Mendes u.a. als Graf Eberbach in Albert Lortzings &#8220;Der Wildsch\u00fctz&#8221;, als F\u00fcrst Ottokar in Carl Maria von Webers &#8220;Freisch\u00fctz&#8221;, mit den Titelpartien in Mozarts &#8220;Don Giovanni&#8221;, Hans Werner Henzes &#8220;Ein Landarzt&#8221;, H\u00e4ndels &#8220;Imeneo&#8221; und als Hans Scholl in Udo Zimmermanns &#8220;Wei\u00dfe Rose&#8221;.<\/p>\n<p>Diogo Mendes ist Preistr\u00e4ger des Lortzing-Wettbewerbs in Leipzig, des Kammermusikwettbewerbs in Leipzig, des Brahms-Wettbewerbs in P\u00f6rtschach, des Wettbewerbs &#8220;Schubert und die Moderne&#8221; in Graz und des Greifswalder Bachwettbewerbs.<\/p>\n<p>Seit 2019 studierte er privat Korrepetition und Ensembleleitung bei Prof. Ulrich Vogel und Prof. Hartmut Hudezeck. Er leitet mehrere Ensembles im Raum Leipzig und feierte 2021 sein Operndebut als Dirigent mit H\u00e4ndels &#8220;Imeneo&#8221;. Ab dem Wintersemester 2022\/23 studiert er Korrepetition bei Prof. Hudezeck an der HMT Leipzig.<\/p>\n<p>&nbsp;<\/p>\n","protected":false},"excerpt":{"rendered":"<p>Susanne Haupt &#8211; Diogo Mendes &#8211; Andrea Schmetzstorff Susanne Haupt &#8211; k\u00fcnstlerische Leitung \u201eTrachte danach, dass du von Herzen glaubst, was du mit dem Munde singst, und dass du mit Taten bew\u00e4hrst, was du mit dem Herzen glaubst.\u201c Die Sopranistin Susanne Haupt, aufgewachsen in Kairo, Berlin und Dresden, genoss bereits&#8230;<\/p>\n<p> <a class=\"continue-reading-link\" href=\"https:\/\/singandsign.de\/en\/kuenstlerische-leitung\/\"><span>Continue reading<\/span><i class=\"crycon-right-dir\"><\/i><\/a> <\/p>\n","protected":false},"author":1,"featured_media":0,"parent":0,"menu_order":0,"comment_status":"closed","ping_status":"closed","template":"","meta":{"footnotes":""},"class_list":["post-853","page","type-page","status-publish","hentry"],"translation":{"provider":"WPGlobus","version":"3.0.2","language":"en","enabled_languages":["de","en"],"languages":{"de":{"title":true,"content":true,"excerpt":false},"en":{"title":false,"content":false,"excerpt":false}}},"aioseo_notices":[],"_links":{"self":[{"href":"https:\/\/singandsign.de\/en\/wp-json\/wp\/v2\/pages\/853","targetHints":{"allow":["GET"]}}],"collection":[{"href":"https:\/\/singandsign.de\/en\/wp-json\/wp\/v2\/pages"}],"about":[{"href":"https:\/\/singandsign.de\/en\/wp-json\/wp\/v2\/types\/page"}],"author":[{"embeddable":true,"href":"https:\/\/singandsign.de\/en\/wp-json\/wp\/v2\/users\/1"}],"replies":[{"embeddable":true,"href":"https:\/\/singandsign.de\/en\/wp-json\/wp\/v2\/comments?post=853"}],"version-history":[{"count":14,"href":"https:\/\/singandsign.de\/en\/wp-json\/wp\/v2\/pages\/853\/revisions"}],"predecessor-version":[{"id":1212,"href":"https:\/\/singandsign.de\/en\/wp-json\/wp\/v2\/pages\/853\/revisions\/1212"}],"wp:attachment":[{"href":"https:\/\/singandsign.de\/en\/wp-json\/wp\/v2\/media?parent=853"}],"curies":[{"name":"wp","href":"https:\/\/api.w.org\/{rel}","templated":true}]}}